{"id":4582,"date":"2021-08-12T13:42:10","date_gmt":"2021-08-12T13:42:10","guid":{"rendered":"http:\/\/cajubrasil.com\/es\/?page_id=4582"},"modified":"2021-08-12T13:59:44","modified_gmt":"2021-08-12T13:59:44","slug":"coleccion-calma","status":"publish","type":"page","link":"http:\/\/cajubrasil.com\/es\/coleccion-calma\/","title":{"rendered":"Colecci\u00f3n CALMA"},"content":{"rendered":"\t\t<div data-elementor-type=\"wp-post\" data-elementor-id=\"4582\" class=\"elementor elementor-4582\">\n\t\t\t\t\t\t<section class=\"elementor-section elementor-top-section elementor-element elementor-element-ujkznge elementor-section-boxed elementor-section-height-default elementor-section-height-default\" data-id=\"ujkznge\" data-element_type=\"section\" data-e-type=\"section\" data-settings=\"{&quot;background_background&quot;:&quot;classic&quot;}\">\n\t\t\t\t\t\t<div class=\"elementor-container elementor-column-gap-default\">\n\t\t\t\t\t<div class=\"elementor-column elementor-col-100 elementor-top-column elementor-element elementor-element-hnpgsha\" data-id=\"hnpgsha\" data-element_type=\"column\" data-e-type=\"column\" data-settings=\"{&quot;background_background&quot;:&quot;classic&quot;}\">\n\t\t\t<div class=\"elementor-widget-wrap elementor-element-populated\">\n\t\t\t\t\t\t<div class=\"elementor-element elementor-element-pvdewya elementor-widget elementor-widget-heading\" data-id=\"pvdewya\" data-element_type=\"widget\" data-e-type=\"widget\" data-widget_type=\"heading.default\">\n\t\t\t\t<div class=\"elementor-widget-container\">\n\t\t\t\t\t<h2 class=\"elementor-heading-title elementor-size-large\">Colecci\u00f3n CALMA<\/h2>\t\t\t\t<\/div>\n\t\t\t\t<\/div>\n\t\t\t\t<div class=\"elementor-element elementor-element-xqtriyg elementor-widget elementor-widget-text-editor\" data-id=\"xqtriyg\" data-element_type=\"widget\" data-e-type=\"widget\" data-widget_type=\"text-editor.default\">\n\t\t\t\t<div class=\"elementor-widget-container\">\n\t\t\t\t\t\t\t\t\t<p>\u00a1\u00danete al exclusivo grupo de <strong>WhatsApp CAJUBRASIL<\/strong> para confirmar tu <strong>INSCRIPCI\u00d3N<\/strong> en el evento online gratuito de lanzamiento de la colecci\u00f3n c\u00e1psula CALMA!<\/p><p>\u00a0<\/p><p><strong>ATENCI\u00d3N:<\/strong> \u00a1Tu presencia en el grupo de WhatsApp es muy importante! \u00a1Es a trav\u00e9s de ella que se informar\u00e1 de los links e informaci\u00f3nes adicionales del lanzamiento!<\/p>\t\t\t\t\t\t\t\t<\/div>\n\t\t\t\t<\/div>\n\t\t\t\t<div class=\"elementor-element elementor-element-jxkcjdb elementor-align-center elementor-tablet-align-center elementor-mobile-align-center elementor-widget elementor-widget-button\" data-id=\"jxkcjdb\" data-element_type=\"widget\" data-e-type=\"widget\" data-widget_type=\"button.default\">\n\t\t\t\t<div class=\"elementor-widget-container\">\n\t\t\t\t\t\t\t\t\t<div class=\"elementor-button-wrapper\">\n\t\t\t\t\t<a class=\"elementor-button elementor-button-link elementor-size-sm\" href=\"https:\/\/chat.whatsapp.com\/L8F1NwPo7bMABFdzUhF9uO\">\n\t\t\t\t\t\t<span class=\"elementor-button-content-wrapper\">\n\t\t\t\t\t\t<span class=\"elementor-button-icon\">\n\t\t\t\t<i aria-hidden=\"true\" class=\"fab fa-whatsapp\"><\/i>\t\t\t<\/span>\n\t\t\t\t\t\t\t\t\t<span class=\"elementor-button-text\">\u00danete al grupo de whatsapp<\/span>\n\t\t\t\t\t<\/span>\n\t\t\t\t\t<\/a>\n\t\t\t\t<\/div>\n\t\t\t\t\t\t\t\t<\/div>\n\t\t\t\t<\/div>\n\t\t\t\t\t<\/div>\n\t\t<\/div>\n\t\t\t\t\t<\/div>\n\t\t<\/section>\n\t\t\t\t<section class=\"elementor-section elementor-top-section elementor-element elementor-element-d62153d elementor-section-boxed elementor-section-height-default elementor-section-height-default\" data-id=\"d62153d\" data-element_type=\"section\" data-e-type=\"section\">\n\t\t\t\t\t\t<div class=\"elementor-container elementor-column-gap-default\">\n\t\t\t\t\t<div class=\"elementor-column elementor-col-100 elementor-top-column elementor-element elementor-element-b7a2893\" data-id=\"b7a2893\" data-element_type=\"column\" data-e-type=\"column\">\n\t\t\t<div class=\"elementor-widget-wrap elementor-element-populated\">\n\t\t\t\t\t\t<div class=\"elementor-element elementor-element-7672122 elementor-widget elementor-widget-video\" data-id=\"7672122\" data-element_type=\"widget\" data-e-type=\"widget\" data-settings=\"{&quot;youtube_url&quot;:&quot;https:\\\/\\\/www.youtube.com\\\/watch?v=X0cBx-2CtEs&quot;,&quot;video_type&quot;:&quot;youtube&quot;,&quot;controls&quot;:&quot;yes&quot;}\" data-widget_type=\"video.default\">\n\t\t\t\t<div class=\"elementor-widget-container\">\n\t\t\t\t\t\t\t<div class=\"elementor-wrapper elementor-open-inline\">\n\t\t\t<div class=\"elementor-video\"><\/div>\t\t<\/div>\n\t\t\t\t\t\t<\/div>\n\t\t\t\t<\/div>\n\t\t\t\t\t<\/div>\n\t\t<\/div>\n\t\t\t\t\t<\/div>\n\t\t<\/section>\n\t\t\t\t<\/div>\n\t\t","protected":false},"excerpt":{"rendered":"<p>Colecci\u00f3n CALMA \u00a1\u00danete al exclusivo grupo de WhatsApp CAJUBRASIL para confirmar tu INSCRIPCI\u00d3N en el evento online gratuito de lanzamiento de la colecci\u00f3n c\u00e1psula CALMA! \u00a0 ATENCI\u00d3N: \u00a1Tu presencia en el grupo de WhatsApp es muy importante! \u00a1Es a trav\u00e9s de ella que se informar\u00e1 de los links e informaci\u00f3nes adicionales del lanzamiento! \u00danete al [&hellip;]<\/p>\n","protected":false},"author":1,"featured_media":0,"parent":0,"menu_order":0,"comment_status":"closed","ping_status":"closed","template":"page-model.php","meta":{"footnotes":""},"class_list":["post-4582","page","type-page","status-publish","hentry"],"yoast_head":"<!-- This site is optimized with the Yoast SEO plugin v25.8 - https:\/\/yoast.com\/wordpress\/plugins\/seo\/ -->\n<title>Colecci\u00f3n CALMA - Cajubrasil | ES<\/title>\n<meta name=\"robots\" content=\"noindex, nofollow\" \/>\n<meta property=\"og:locale\" content=\"pt_BR\" \/>\n<meta property=\"og:type\" content=\"article\" \/>\n<meta property=\"og:title\" content=\"Colecci\u00f3n CALMA - Cajubrasil | ES\" \/>\n<meta property=\"og:description\" content=\"Colecci\u00f3n CALMA \u00a1\u00danete al exclusivo grupo de WhatsApp CAJUBRASIL para confirmar tu INSCRIPCI\u00d3N en el evento online gratuito de lanzamiento de la colecci\u00f3n c\u00e1psula CALMA! \u00a0 ATENCI\u00d3N: \u00a1Tu presencia en el grupo de WhatsApp es muy importante! \u00a1Es a trav\u00e9s de ella que se informar\u00e1 de los links e informaci\u00f3nes adicionales del lanzamiento! \u00danete al [&hellip;]\" \/>\n<meta property=\"og:url\" content=\"https:\/\/cajubrasil.com\/es\/coleccion-calma\/\" \/>\n<meta property=\"og:site_name\" content=\"Cajubrasil | ES\" \/>\n<meta property=\"article:modified_time\" content=\"2021-08-12T13:59:44+00:00\" \/>\n<meta name=\"twitter:card\" content=\"summary_large_image\" \/>\n<script type=\"application\/ld+json\" class=\"yoast-schema-graph\">{\"@context\":\"https:\/\/schema.org\",\"@graph\":[{\"@type\":\"WebPage\",\"@id\":\"https:\/\/cajubrasil.com\/es\/coleccion-calma\/\",\"url\":\"https:\/\/cajubrasil.com\/es\/coleccion-calma\/\",\"name\":\"Colecci\u00f3n CALMA - Cajubrasil | ES\",\"isPartOf\":{\"@id\":\"http:\/\/cajubrasil.com\/es\/#website\"},\"datePublished\":\"2021-08-12T13:42:10+00:00\",\"dateModified\":\"2021-08-12T13:59:44+00:00\",\"breadcrumb\":{\"@id\":\"https:\/\/cajubrasil.com\/es\/coleccion-calma\/#breadcrumb\"},\"inLanguage\":\"pt-BR\",\"potentialAction\":[{\"@type\":\"ReadAction\",\"target\":[\"https:\/\/cajubrasil.com\/es\/coleccion-calma\/\"]}]},{\"@type\":\"BreadcrumbList\",\"@id\":\"https:\/\/cajubrasil.com\/es\/coleccion-calma\/#breadcrumb\",\"itemListElement\":[{\"@type\":\"ListItem\",\"position\":1,\"name\":\"In\u00edcio\",\"item\":\"http:\/\/cajubrasil.com\/es\/\"},{\"@type\":\"ListItem\",\"position\":2,\"name\":\"Colecci\u00f3n CALMA\"}]},{\"@type\":\"WebSite\",\"@id\":\"http:\/\/cajubrasil.com\/es\/#website\",\"url\":\"http:\/\/cajubrasil.com\/es\/\",\"name\":\"Cajubrasil | ES\",\"description\":\"La moda de fitness Cajubrasil est\u00e1 presente en m\u00e1s de 45 pa\u00edses productores de la mejor ropa de fitness.\",\"publisher\":{\"@id\":\"http:\/\/cajubrasil.com\/es\/#organization\"},\"potentialAction\":[{\"@type\":\"SearchAction\",\"target\":{\"@type\":\"EntryPoint\",\"urlTemplate\":\"http:\/\/cajubrasil.com\/es\/?s={search_term_string}\"},\"query-input\":{\"@type\":\"PropertyValueSpecification\",\"valueRequired\":true,\"valueName\":\"search_term_string\"}}],\"inLanguage\":\"pt-BR\"},{\"@type\":\"Organization\",\"@id\":\"http:\/\/cajubrasil.com\/es\/#organization\",\"name\":\"Cajubrasil | ES\",\"url\":\"http:\/\/cajubrasil.com\/es\/\",\"logo\":{\"@type\":\"ImageObject\",\"inLanguage\":\"pt-BR\",\"@id\":\"http:\/\/cajubrasil.com\/es\/#\/schema\/logo\/image\/\",\"url\":\"http:\/\/cajubrasil.com\/es\/wp-content\/uploads\/sites\/4\/2023\/02\/cropped-logo-wordpress-4.png\",\"contentUrl\":\"http:\/\/cajubrasil.com\/es\/wp-content\/uploads\/sites\/4\/2023\/02\/cropped-logo-wordpress-4.png\",\"width\":1023,\"height\":372,\"caption\":\"Cajubrasil | ES\"},\"image\":{\"@id\":\"http:\/\/cajubrasil.com\/es\/#\/schema\/logo\/image\/\"}}]}<\/script>\n<!-- \/ Yoast SEO plugin. -->","yoast_head_json":{"title":"Colecci\u00f3n CALMA - Cajubrasil | ES","robots":{"index":"noindex","follow":"nofollow"},"og_locale":"pt_BR","og_type":"article","og_title":"Colecci\u00f3n CALMA - Cajubrasil | ES","og_description":"Colecci\u00f3n CALMA \u00a1\u00danete al exclusivo grupo de WhatsApp CAJUBRASIL para confirmar tu INSCRIPCI\u00d3N en el evento online gratuito de lanzamiento de la colecci\u00f3n c\u00e1psula CALMA! \u00a0 ATENCI\u00d3N: \u00a1Tu presencia en el grupo de WhatsApp es muy importante! \u00a1Es a trav\u00e9s de ella que se informar\u00e1 de los links e informaci\u00f3nes adicionales del lanzamiento! \u00danete al [&hellip;]","og_url":"https:\/\/cajubrasil.com\/es\/coleccion-calma\/","og_site_name":"Cajubrasil | ES","article_modified_time":"2021-08-12T13:59:44+00:00","twitter_card":"summary_large_image","schema":{"@context":"https:\/\/schema.org","@graph":[{"@type":"WebPage","@id":"https:\/\/cajubrasil.com\/es\/coleccion-calma\/","url":"https:\/\/cajubrasil.com\/es\/coleccion-calma\/","name":"Colecci\u00f3n CALMA - Cajubrasil | ES","isPartOf":{"@id":"http:\/\/cajubrasil.com\/es\/#website"},"datePublished":"2021-08-12T13:42:10+00:00","dateModified":"2021-08-12T13:59:44+00:00","breadcrumb":{"@id":"https:\/\/cajubrasil.com\/es\/coleccion-calma\/#breadcrumb"},"inLanguage":"pt-BR","potentialAction":[{"@type":"ReadAction","target":["https:\/\/cajubrasil.com\/es\/coleccion-calma\/"]}]},{"@type":"BreadcrumbList","@id":"https:\/\/cajubrasil.com\/es\/coleccion-calma\/#breadcrumb","itemListElement":[{"@type":"ListItem","position":1,"name":"In\u00edcio","item":"http:\/\/cajubrasil.com\/es\/"},{"@type":"ListItem","position":2,"name":"Colecci\u00f3n CALMA"}]},{"@type":"WebSite","@id":"http:\/\/cajubrasil.com\/es\/#website","url":"http:\/\/cajubrasil.com\/es\/","name":"Cajubrasil | ES","description":"La moda de fitness Cajubrasil est\u00e1 presente en m\u00e1s de 45 pa\u00edses productores de la mejor ropa de fitness.","publisher":{"@id":"http:\/\/cajubrasil.com\/es\/#organization"},"potentialAction":[{"@type":"SearchAction","target":{"@type":"EntryPoint","urlTemplate":"http:\/\/cajubrasil.com\/es\/?s={search_term_string}"},"query-input":{"@type":"PropertyValueSpecification","valueRequired":true,"valueName":"search_term_string"}}],"inLanguage":"pt-BR"},{"@type":"Organization","@id":"http:\/\/cajubrasil.com\/es\/#organization","name":"Cajubrasil | ES","url":"http:\/\/cajubrasil.com\/es\/","logo":{"@type":"ImageObject","inLanguage":"pt-BR","@id":"http:\/\/cajubrasil.com\/es\/#\/schema\/logo\/image\/","url":"http:\/\/cajubrasil.com\/es\/wp-content\/uploads\/sites\/4\/2023\/02\/cropped-logo-wordpress-4.png","contentUrl":"http:\/\/cajubrasil.com\/es\/wp-content\/uploads\/sites\/4\/2023\/02\/cropped-logo-wordpress-4.png","width":1023,"height":372,"caption":"Cajubrasil | ES"},"image":{"@id":"http:\/\/cajubrasil.com\/es\/#\/schema\/logo\/image\/"}}]}},"_links":{"self":[{"href":"http:\/\/cajubrasil.com\/es\/wp-json\/wp\/v2\/pages\/4582","targetHints":{"allow":["GET"]}}],"collection":[{"href":"http:\/\/cajubrasil.com\/es\/wp-json\/wp\/v2\/pages"}],"about":[{"href":"http:\/\/cajubrasil.com\/es\/wp-json\/wp\/v2\/types\/page"}],"author":[{"embeddable":true,"href":"http:\/\/cajubrasil.com\/es\/wp-json\/wp\/v2\/users\/1"}],"replies":[{"embeddable":true,"href":"http:\/\/cajubrasil.com\/es\/wp-json\/wp\/v2\/comments?post=4582"}],"version-history":[{"count":4,"href":"http:\/\/cajubrasil.com\/es\/wp-json\/wp\/v2\/pages\/4582\/revisions"}],"predecessor-version":[{"id":4589,"href":"http:\/\/cajubrasil.com\/es\/wp-json\/wp\/v2\/pages\/4582\/revisions\/4589"}],"wp:attachment":[{"href":"http:\/\/cajubrasil.com\/es\/wp-json\/wp\/v2\/media?parent=4582"}],"curies":[{"name":"wp","href":"https:\/\/api.w.org\/{rel}","templated":true}]}}