{"id":36,"date":"2020-09-22T17:33:45","date_gmt":"2020-09-22T20:33:45","guid":{"rendered":"http:\/\/cajubrasil.com\/franquiadigital\/?page_id=36"},"modified":"2020-09-27T18:45:28","modified_gmt":"2020-09-27T21:45:28","slug":"suporte","status":"publish","type":"page","link":"http:\/\/cajubrasil.com\/franquiadigital\/suporte\/","title":{"rendered":"Suporte ao Franqueado Digital"},"content":{"rendered":"\t\t<div data-elementor-type=\"wp-page\" data-elementor-id=\"36\" class=\"elementor elementor-36\">\n\t\t\t\t\t\t<section class=\"elementor-section elementor-top-section elementor-element elementor-element-dd822d6 elementor-section-boxed elementor-section-height-default elementor-section-height-default\" data-id=\"dd822d6\" data-element_type=\"section\" data-e-type=\"section\">\n\t\t\t\t\t\t<div class=\"elementor-container elementor-column-gap-default\">\n\t\t\t\t\t<div class=\"elementor-column elementor-col-100 elementor-top-column elementor-element elementor-element-25b11e8\" data-id=\"25b11e8\" data-element_type=\"column\" data-e-type=\"column\">\n\t\t\t<div class=\"elementor-widget-wrap elementor-element-populated\">\n\t\t\t\t\t\t<div class=\"elementor-element elementor-element-0406d7f elementor-widget elementor-widget-spacer\" data-id=\"0406d7f\" data-element_type=\"widget\" data-e-type=\"widget\" data-widget_type=\"spacer.default\">\n\t\t\t\t<div class=\"elementor-widget-container\">\n\t\t\t\t\t\t\t<div class=\"elementor-spacer\">\n\t\t\t<div class=\"elementor-spacer-inner\"><\/div>\n\t\t<\/div>\n\t\t\t\t\t\t<\/div>\n\t\t\t\t<\/div>\n\t\t\t\t\t<\/div>\n\t\t<\/div>\n\t\t\t\t\t<\/div>\n\t\t<\/section>\n\t\t\t\t<section class=\"elementor-section elementor-top-section elementor-element elementor-element-a92ca5f elementor-section-boxed elementor-section-height-default elementor-section-height-default\" data-id=\"a92ca5f\" data-element_type=\"section\" data-e-type=\"section\">\n\t\t\t\t\t\t<div class=\"elementor-container elementor-column-gap-default\">\n\t\t\t\t\t<div class=\"elementor-column elementor-col-100 elementor-top-column elementor-element elementor-element-e232f1f\" data-id=\"e232f1f\" data-element_type=\"column\" data-e-type=\"column\">\n\t\t\t<div class=\"elementor-widget-wrap elementor-element-populated\">\n\t\t\t\t\t\t<div class=\"elementor-element elementor-element-f17b437 elementor-widget elementor-widget-heading\" data-id=\"f17b437\" data-element_type=\"widget\" data-e-type=\"widget\" data-widget_type=\"heading.default\">\n\t\t\t\t<div class=\"elementor-widget-container\">\n\t\t\t\t\t<h2 class=\"elementor-heading-title elementor-size-default\">Suporte ao Franqueado Digital<\/h2>\t\t\t\t<\/div>\n\t\t\t\t<\/div>\n\t\t\t\t\t<\/div>\n\t\t<\/div>\n\t\t\t\t\t<\/div>\n\t\t<\/section>\n\t\t\t\t<section class=\"elementor-section elementor-top-section elementor-element elementor-element-2a297d7 elementor-section-boxed elementor-section-height-default elementor-section-height-default\" data-id=\"2a297d7\" data-element_type=\"section\" data-e-type=\"section\">\n\t\t\t\t\t\t<div class=\"elementor-container elementor-column-gap-default\">\n\t\t\t\t\t<div class=\"elementor-column elementor-col-100 elementor-top-column elementor-element elementor-element-e8d45dd\" data-id=\"e8d45dd\" data-element_type=\"column\" data-e-type=\"column\">\n\t\t\t<div class=\"elementor-widget-wrap\">\n\t\t\t\t\t\t\t<\/div>\n\t\t<\/div>\n\t\t\t\t\t<\/div>\n\t\t<\/section>\n\t\t\t\t<section class=\"elementor-section elementor-top-section elementor-element elementor-element-1b572e1 elementor-section-boxed elementor-section-height-default elementor-section-height-default\" data-id=\"1b572e1\" data-element_type=\"section\" data-e-type=\"section\">\n\t\t\t\t\t\t<div class=\"elementor-container elementor-column-gap-default\">\n\t\t\t\t\t<div class=\"elementor-column elementor-col-25 elementor-top-column elementor-element elementor-element-50bfc77\" data-id=\"50bfc77\" data-element_type=\"column\" data-e-type=\"column\">\n\t\t\t<div class=\"elementor-widget-wrap elementor-element-populated\">\n\t\t\t\t\t\t<div class=\"elementor-element elementor-element-6f52f85 elementor-view-default elementor-position-block-start elementor-mobile-position-block-start elementor-widget elementor-widget-icon-box\" data-id=\"6f52f85\" data-element_type=\"widget\" data-e-type=\"widget\" data-widget_type=\"icon-box.default\">\n\t\t\t\t<div class=\"elementor-widget-container\">\n\t\t\t\t\t\t\t<div class=\"elementor-icon-box-wrapper\">\n\n\t\t\t\t\t\t<div class=\"elementor-icon-box-icon\">\n\t\t\t\t<a href=\"https:\/\/api.whatsapp.com\/send?phone=551799643-0146\" class=\"elementor-icon\" tabindex=\"-1\" aria-label=\"WhatsApp Suporte\">\n\t\t\t\t<i aria-hidden=\"true\" class=\"fab fa-whatsapp\"><\/i>\t\t\t\t<\/a>\n\t\t\t<\/div>\n\t\t\t\n\t\t\t\t\t\t<div class=\"elementor-icon-box-content\">\n\n\t\t\t\t\t\t\t\t\t<h3 class=\"elementor-icon-box-title\">\n\t\t\t\t\t\t<a href=\"https:\/\/api.whatsapp.com\/send?phone=551799643-0146\" >\n\t\t\t\t\t\t\tWhatsApp Suporte\t\t\t\t\t\t<\/a>\n\t\t\t\t\t<\/h3>\n\t\t\t\t\n\t\t\t\t\t\t\t\t\t<p class=\"elementor-icon-box-description\">\n\t\t\t\t\t\tEntre em contato com o time de Suporte<br>(17)99643-0146\t\t\t\t\t<\/p>\n\t\t\t\t\n\t\t\t<\/div>\n\t\t\t\n\t\t<\/div>\n\t\t\t\t\t\t<\/div>\n\t\t\t\t<\/div>\n\t\t\t\t\t<\/div>\n\t\t<\/div>\n\t\t\t\t<div class=\"elementor-column elementor-col-25 elementor-top-column elementor-element elementor-element-d21c9f3\" data-id=\"d21c9f3\" data-element_type=\"column\" data-e-type=\"column\">\n\t\t\t<div class=\"elementor-widget-wrap elementor-element-populated\">\n\t\t\t\t\t\t<div class=\"elementor-element elementor-element-b9f6a24 elementor-view-default elementor-position-block-start elementor-mobile-position-block-start elementor-widget elementor-widget-icon-box\" data-id=\"b9f6a24\" data-element_type=\"widget\" data-e-type=\"widget\" data-widget_type=\"icon-box.default\">\n\t\t\t\t<div class=\"elementor-widget-container\">\n\t\t\t\t\t\t\t<div class=\"elementor-icon-box-wrapper\">\n\n\t\t\t\t\t\t<div class=\"elementor-icon-box-icon\">\n\t\t\t\t<a href=\"http:\/\/franquiadigital@cajubrasil.com.br\" class=\"elementor-icon\" tabindex=\"-1\" aria-label=\"E-Mail Suporte\">\n\t\t\t\t<i aria-hidden=\"true\" class=\"far fa-envelope\"><\/i>\t\t\t\t<\/a>\n\t\t\t<\/div>\n\t\t\t\n\t\t\t\t\t\t<div class=\"elementor-icon-box-content\">\n\n\t\t\t\t\t\t\t\t\t<h3 class=\"elementor-icon-box-title\">\n\t\t\t\t\t\t<a href=\"http:\/\/franquiadigital@cajubrasil.com.br\" >\n\t\t\t\t\t\t\tE-Mail Suporte\t\t\t\t\t\t<\/a>\n\t\t\t\t\t<\/h3>\n\t\t\t\t\n\t\t\t\t\t\t\t\t\t<p class=\"elementor-icon-box-description\">\n\t\t\t\t\t\tEntre em contato via e-mail: franquiadigital@cajubrasil.com.br\t\t\t\t\t<\/p>\n\t\t\t\t\n\t\t\t<\/div>\n\t\t\t\n\t\t<\/div>\n\t\t\t\t\t\t<\/div>\n\t\t\t\t<\/div>\n\t\t\t\t\t<\/div>\n\t\t<\/div>\n\t\t\t\t<div class=\"elementor-column elementor-col-25 elementor-top-column elementor-element elementor-element-c3334e8\" data-id=\"c3334e8\" data-element_type=\"column\" data-e-type=\"column\">\n\t\t\t<div class=\"elementor-widget-wrap elementor-element-populated\">\n\t\t\t\t\t\t<div class=\"elementor-element elementor-element-d5d6dd7 elementor-view-default elementor-position-block-start elementor-mobile-position-block-start elementor-widget elementor-widget-icon-box\" data-id=\"d5d6dd7\" data-element_type=\"widget\" data-e-type=\"widget\" data-widget_type=\"icon-box.default\">\n\t\t\t\t<div class=\"elementor-widget-container\">\n\t\t\t\t\t\t\t<div class=\"elementor-icon-box-wrapper\">\n\n\t\t\t\t\t\t<div class=\"elementor-icon-box-icon\">\n\t\t\t\t<a href=\"https:\/\/www.instagram.com\/cajubrasilprime\/\" class=\"elementor-icon\" tabindex=\"-1\" aria-label=\"@cajubrasilprime\">\n\t\t\t\t<i aria-hidden=\"true\" class=\"fab fa-instagram\"><\/i>\t\t\t\t<\/a>\n\t\t\t<\/div>\n\t\t\t\n\t\t\t\t\t\t<div class=\"elementor-icon-box-content\">\n\n\t\t\t\t\t\t\t\t\t<h3 class=\"elementor-icon-box-title\">\n\t\t\t\t\t\t<a href=\"https:\/\/www.instagram.com\/cajubrasilprime\/\" >\n\t\t\t\t\t\t\t@cajubrasilprime\t\t\t\t\t\t<\/a>\n\t\t\t\t\t<\/h3>\n\t\t\t\t\n\t\t\t\t\t\t\t\t\t<p class=\"elementor-icon-box-description\">\n\t\t\t\t\t\tConte\u00fado exclusivo para voc\u00ea alavancar suas vendas\t\t\t\t\t<\/p>\n\t\t\t\t\n\t\t\t<\/div>\n\t\t\t\n\t\t<\/div>\n\t\t\t\t\t\t<\/div>\n\t\t\t\t<\/div>\n\t\t\t\t\t<\/div>\n\t\t<\/div>\n\t\t\t\t<div class=\"elementor-column elementor-col-25 elementor-top-column elementor-element elementor-element-84cc312\" data-id=\"84cc312\" data-element_type=\"column\" data-e-type=\"column\">\n\t\t\t<div class=\"elementor-widget-wrap elementor-element-populated\">\n\t\t\t\t\t\t<div class=\"elementor-element elementor-element-f5341a3 elementor-view-default elementor-position-block-start elementor-mobile-position-block-start elementor-widget elementor-widget-icon-box\" data-id=\"f5341a3\" data-element_type=\"widget\" data-e-type=\"widget\" data-widget_type=\"icon-box.default\">\n\t\t\t\t<div class=\"elementor-widget-container\">\n\t\t\t\t\t\t\t<div class=\"elementor-icon-box-wrapper\">\n\n\t\t\t\t\t\t<div class=\"elementor-icon-box-icon\">\n\t\t\t\t<span  class=\"elementor-icon\">\n\t\t\t\t<i aria-hidden=\"true\" class=\"fas fa-phone-alt\"><\/i>\t\t\t\t<\/span>\n\t\t\t<\/div>\n\t\t\t\n\t\t\t\t\t\t<div class=\"elementor-icon-box-content\">\n\n\t\t\t\t\t\t\t\t\t<h3 class=\"elementor-icon-box-title\">\n\t\t\t\t\t\t<span  >\n\t\t\t\t\t\t\tTelefone\t\t\t\t\t\t<\/span>\n\t\t\t\t\t<\/h3>\n\t\t\t\t\n\t\t\t\t\t\t\t\t\t<p class=\"elementor-icon-box-description\">\n\t\t\t\t\t\tEntre em contato atrav\u00e9s do n\u00famero:\n(17)99643-0146\t\t\t\t\t<\/p>\n\t\t\t\t\n\t\t\t<\/div>\n\t\t\t\n\t\t<\/div>\n\t\t\t\t\t\t<\/div>\n\t\t\t\t<\/div>\n\t\t\t\t\t<\/div>\n\t\t<\/div>\n\t\t\t\t\t<\/div>\n\t\t<\/section>\n\t\t\t\t<section class=\"elementor-section elementor-top-section elementor-element elementor-element-6fb5e67 elementor-section-boxed elementor-section-height-default elementor-section-height-default\" data-id=\"6fb5e67\" data-element_type=\"section\" data-e-type=\"section\">\n\t\t\t\t\t\t<div class=\"elementor-container elementor-column-gap-default\">\n\t\t\t\t\t<div class=\"elementor-column elementor-col-100 elementor-top-column elementor-element elementor-element-3e5f2e6\" data-id=\"3e5f2e6\" data-element_type=\"column\" data-e-type=\"column\">\n\t\t\t<div class=\"elementor-widget-wrap elementor-element-populated\">\n\t\t\t\t\t\t<div class=\"elementor-element elementor-element-39da76d elementor-widget elementor-widget-spacer\" data-id=\"39da76d\" data-element_type=\"widget\" data-e-type=\"widget\" data-widget_type=\"spacer.default\">\n\t\t\t\t<div class=\"elementor-widget-container\">\n\t\t\t\t\t\t\t<div class=\"elementor-spacer\">\n\t\t\t<div class=\"elementor-spacer-inner\"><\/div>\n\t\t<\/div>\n\t\t\t\t\t\t<\/div>\n\t\t\t\t<\/div>\n\t\t\t\t\t<\/div>\n\t\t<\/div>\n\t\t\t\t\t<\/div>\n\t\t<\/section>\n\t\t\t\t<section class=\"elementor-section elementor-top-section elementor-element elementor-element-45f8bc8 elementor-section-boxed elementor-section-height-default elementor-section-height-default\" data-id=\"45f8bc8\" data-element_type=\"section\" data-e-type=\"section\">\n\t\t\t\t\t\t<div class=\"elementor-container elementor-column-gap-default\">\n\t\t\t\t\t<div class=\"elementor-column elementor-col-100 elementor-top-column elementor-element elementor-element-eca5472\" data-id=\"eca5472\" data-element_type=\"column\" data-e-type=\"column\">\n\t\t\t<div class=\"elementor-widget-wrap elementor-element-populated\">\n\t\t\t\t\t\t<div class=\"elementor-element elementor-element-0786df5 elementor-align-center elementor-widget elementor-widget-button\" data-id=\"0786df5\" data-element_type=\"widget\" data-e-type=\"widget\" data-widget_type=\"button.default\">\n\t\t\t\t<div class=\"elementor-widget-container\">\n\t\t\t\t\t\t\t\t\t<div class=\"elementor-button-wrapper\">\n\t\t\t\t\t<a class=\"elementor-button elementor-button-link elementor-size-md\" href=\"http:\/\/cajubrasil.com\/franquiadigital\/faca-parte\/\">\n\t\t\t\t\t\t<span class=\"elementor-button-content-wrapper\">\n\t\t\t\t\t\t\t\t\t<span class=\"elementor-button-text\">Fa\u00e7a Parte!<\/span>\n\t\t\t\t\t<\/span>\n\t\t\t\t\t<\/a>\n\t\t\t\t<\/div>\n\t\t\t\t\t\t\t\t<\/div>\n\t\t\t\t<\/div>\n\t\t\t\t\t<\/div>\n\t\t<\/div>\n\t\t\t\t\t<\/div>\n\t\t<\/section>\n\t\t\t\t<\/div>\n\t\t","protected":false},"excerpt":{"rendered":"<p>Suporte ao Franqueado Digital WhatsApp Suporte Entre em contato com o time de Suporte(17)99643-0146 E-Mail Suporte Entre em contato via e-mail: franquiadigital@cajubrasil.com.br @cajubrasilprime Conte\u00fado exclusivo para voc\u00ea alavancar suas vendas Telefone Entre em contato atrav\u00e9s do n\u00famero: (17)99643-0146 Fa\u00e7a Parte!<\/p>\n","protected":false},"author":1,"featured_media":0,"parent":0,"menu_order":0,"comment_status":"closed","ping_status":"closed","template":"","meta":{"footnotes":""},"class_list":["post-36","page","type-page","status-publish","hentry"],"yoast_head":"<!-- This site is optimized with the Yoast SEO plugin v25.8 - https:\/\/yoast.com\/wordpress\/plugins\/seo\/ -->\n<title>Suporte ao Franqueado Digital - Franquia Digital CAJUBRASIL<\/title>\n<meta name=\"robots\" content=\"index, follow, max-snippet:-1, max-image-preview:large, max-video-preview:-1\" \/>\n<link rel=\"canonical\" href=\"http:\/\/cajubrasil.com\/franquiadigital\/suporte\/\" \/>\n<meta property=\"og:locale\" content=\"pt_BR\" \/>\n<meta property=\"og:type\" content=\"article\" \/>\n<meta property=\"og:title\" content=\"Suporte ao Franqueado Digital - Franquia Digital CAJUBRASIL\" \/>\n<meta property=\"og:description\" content=\"Suporte ao Franqueado Digital WhatsApp Suporte Entre em contato com o time de Suporte(17)99643-0146 E-Mail Suporte Entre em contato via e-mail: franquiadigital@cajubrasil.com.br @cajubrasilprime Conte\u00fado exclusivo para voc\u00ea alavancar suas vendas Telefone Entre em contato atrav\u00e9s do n\u00famero: (17)99643-0146 Fa\u00e7a Parte!\" \/>\n<meta property=\"og:url\" content=\"http:\/\/cajubrasil.com\/franquiadigital\/suporte\/\" \/>\n<meta property=\"og:site_name\" content=\"Franquia Digital CAJUBRASIL\" \/>\n<meta property=\"article:modified_time\" content=\"2020-09-27T21:45:28+00:00\" \/>\n<meta name=\"twitter:card\" content=\"summary_large_image\" \/>\n<script type=\"application\/ld+json\" class=\"yoast-schema-graph\">{\"@context\":\"https:\/\/schema.org\",\"@graph\":[{\"@type\":\"WebPage\",\"@id\":\"http:\/\/cajubrasil.com\/franquiadigital\/suporte\/\",\"url\":\"http:\/\/cajubrasil.com\/franquiadigital\/suporte\/\",\"name\":\"Suporte ao Franqueado Digital - Franquia Digital CAJUBRASIL\",\"isPartOf\":{\"@id\":\"http:\/\/cajubrasil.com\/franquiadigital\/#website\"},\"datePublished\":\"2020-09-22T20:33:45+00:00\",\"dateModified\":\"2020-09-27T21:45:28+00:00\",\"breadcrumb\":{\"@id\":\"http:\/\/cajubrasil.com\/franquiadigital\/suporte\/#breadcrumb\"},\"inLanguage\":\"pt-BR\",\"potentialAction\":[{\"@type\":\"ReadAction\",\"target\":[\"http:\/\/cajubrasil.com\/franquiadigital\/suporte\/\"]}]},{\"@type\":\"BreadcrumbList\",\"@id\":\"http:\/\/cajubrasil.com\/franquiadigital\/suporte\/#breadcrumb\",\"itemListElement\":[{\"@type\":\"ListItem\",\"position\":1,\"name\":\"In\u00edcio\",\"item\":\"http:\/\/cajubrasil.com\/franquiadigital\/\"},{\"@type\":\"ListItem\",\"position\":2,\"name\":\"Suporte ao Franqueado Digital\"}]},{\"@type\":\"WebSite\",\"@id\":\"http:\/\/cajubrasil.com\/franquiadigital\/#website\",\"url\":\"http:\/\/cajubrasil.com\/franquiadigital\/\",\"name\":\"Franquia Digital CAJUBRASIL\",\"description\":\"\",\"potentialAction\":[{\"@type\":\"SearchAction\",\"target\":{\"@type\":\"EntryPoint\",\"urlTemplate\":\"http:\/\/cajubrasil.com\/franquiadigital\/?s={search_term_string}\"},\"query-input\":{\"@type\":\"PropertyValueSpecification\",\"valueRequired\":true,\"valueName\":\"search_term_string\"}}],\"inLanguage\":\"pt-BR\"}]}<\/script>\n<!-- \/ Yoast SEO plugin. -->","yoast_head_json":{"title":"Suporte ao Franqueado Digital - Franquia Digital CAJUBRASIL","robots":{"index":"index","follow":"follow","max-snippet":"max-snippet:-1","max-image-preview":"max-image-preview:large","max-video-preview":"max-video-preview:-1"},"canonical":"http:\/\/cajubrasil.com\/franquiadigital\/suporte\/","og_locale":"pt_BR","og_type":"article","og_title":"Suporte ao Franqueado Digital - Franquia Digital CAJUBRASIL","og_description":"Suporte ao Franqueado Digital WhatsApp Suporte Entre em contato com o time de Suporte(17)99643-0146 E-Mail Suporte Entre em contato via e-mail: franquiadigital@cajubrasil.com.br @cajubrasilprime Conte\u00fado exclusivo para voc\u00ea alavancar suas vendas Telefone Entre em contato atrav\u00e9s do n\u00famero: (17)99643-0146 Fa\u00e7a Parte!","og_url":"http:\/\/cajubrasil.com\/franquiadigital\/suporte\/","og_site_name":"Franquia Digital CAJUBRASIL","article_modified_time":"2020-09-27T21:45:28+00:00","twitter_card":"summary_large_image","schema":{"@context":"https:\/\/schema.org","@graph":[{"@type":"WebPage","@id":"http:\/\/cajubrasil.com\/franquiadigital\/suporte\/","url":"http:\/\/cajubrasil.com\/franquiadigital\/suporte\/","name":"Suporte ao Franqueado Digital - Franquia Digital CAJUBRASIL","isPartOf":{"@id":"http:\/\/cajubrasil.com\/franquiadigital\/#website"},"datePublished":"2020-09-22T20:33:45+00:00","dateModified":"2020-09-27T21:45:28+00:00","breadcrumb":{"@id":"http:\/\/cajubrasil.com\/franquiadigital\/suporte\/#breadcrumb"},"inLanguage":"pt-BR","potentialAction":[{"@type":"ReadAction","target":["http:\/\/cajubrasil.com\/franquiadigital\/suporte\/"]}]},{"@type":"BreadcrumbList","@id":"http:\/\/cajubrasil.com\/franquiadigital\/suporte\/#breadcrumb","itemListElement":[{"@type":"ListItem","position":1,"name":"In\u00edcio","item":"http:\/\/cajubrasil.com\/franquiadigital\/"},{"@type":"ListItem","position":2,"name":"Suporte ao Franqueado Digital"}]},{"@type":"WebSite","@id":"http:\/\/cajubrasil.com\/franquiadigital\/#website","url":"http:\/\/cajubrasil.com\/franquiadigital\/","name":"Franquia Digital CAJUBRASIL","description":"","potentialAction":[{"@type":"SearchAction","target":{"@type":"EntryPoint","urlTemplate":"http:\/\/cajubrasil.com\/franquiadigital\/?s={search_term_string}"},"query-input":{"@type":"PropertyValueSpecification","valueRequired":true,"valueName":"search_term_string"}}],"inLanguage":"pt-BR"}]}},"_links":{"self":[{"href":"http:\/\/cajubrasil.com\/franquiadigital\/wp-json\/wp\/v2\/pages\/36","targetHints":{"allow":["GET"]}}],"collection":[{"href":"http:\/\/cajubrasil.com\/franquiadigital\/wp-json\/wp\/v2\/pages"}],"about":[{"href":"http:\/\/cajubrasil.com\/franquiadigital\/wp-json\/wp\/v2\/types\/page"}],"author":[{"embeddable":true,"href":"http:\/\/cajubrasil.com\/franquiadigital\/wp-json\/wp\/v2\/users\/1"}],"replies":[{"embeddable":true,"href":"http:\/\/cajubrasil.com\/franquiadigital\/wp-json\/wp\/v2\/comments?post=36"}],"version-history":[{"count":10,"href":"http:\/\/cajubrasil.com\/franquiadigital\/wp-json\/wp\/v2\/pages\/36\/revisions"}],"predecessor-version":[{"id":88,"href":"http:\/\/cajubrasil.com\/franquiadigital\/wp-json\/wp\/v2\/pages\/36\/revisions\/88"}],"wp:attachment":[{"href":"http:\/\/cajubrasil.com\/franquiadigital\/wp-json\/wp\/v2\/media?parent=36"}],"curies":[{"name":"wp","href":"https:\/\/api.w.org\/{rel}","templated":true}]}}