{"id":43,"date":"2020-09-24T14:52:46","date_gmt":"2020-09-24T17:52:46","guid":{"rendered":"http:\/\/cajubrasil.com\/franquiadigital\/?page_id=43"},"modified":"2020-10-21T11:58:13","modified_gmt":"2020-10-21T14:58:13","slug":"faca-parte","status":"publish","type":"page","link":"http:\/\/cajubrasil.com\/franquiadigital\/faca-parte\/","title":{"rendered":"Fa\u00e7a parte!"},"content":{"rendered":"\t\t<div data-elementor-type=\"wp-page\" data-elementor-id=\"43\" class=\"elementor elementor-43\">\n\t\t\t\t\t\t<section class=\"elementor-section elementor-top-section elementor-element elementor-element-7ef2e76 elementor-section-boxed elementor-section-height-default elementor-section-height-default\" data-id=\"7ef2e76\" data-element_type=\"section\" data-e-type=\"section\">\n\t\t\t\t\t\t<div class=\"elementor-container elementor-column-gap-default\">\n\t\t\t\t\t<div class=\"elementor-column elementor-col-100 elementor-top-column elementor-element elementor-element-dd137ef\" data-id=\"dd137ef\" data-element_type=\"column\" data-e-type=\"column\">\n\t\t\t<div class=\"elementor-widget-wrap elementor-element-populated\">\n\t\t\t\t\t\t<div class=\"elementor-element elementor-element-6671158 elementor-widget elementor-widget-spacer\" data-id=\"6671158\" data-element_type=\"widget\" data-e-type=\"widget\" data-widget_type=\"spacer.default\">\n\t\t\t\t<div class=\"elementor-widget-container\">\n\t\t\t\t\t\t\t<div class=\"elementor-spacer\">\n\t\t\t<div class=\"elementor-spacer-inner\"><\/div>\n\t\t<\/div>\n\t\t\t\t\t\t<\/div>\n\t\t\t\t<\/div>\n\t\t\t\t\t<\/div>\n\t\t<\/div>\n\t\t\t\t\t<\/div>\n\t\t<\/section>\n\t\t\t\t<section class=\"elementor-section elementor-top-section elementor-element elementor-element-800792d elementor-section-boxed elementor-section-height-default elementor-section-height-default\" data-id=\"800792d\" data-element_type=\"section\" data-e-type=\"section\">\n\t\t\t\t\t\t<div class=\"elementor-container elementor-column-gap-default\">\n\t\t\t\t\t<div class=\"elementor-column elementor-col-100 elementor-top-column elementor-element elementor-element-f20a5dd\" data-id=\"f20a5dd\" data-element_type=\"column\" data-e-type=\"column\">\n\t\t\t<div class=\"elementor-widget-wrap elementor-element-populated\">\n\t\t\t\t\t\t<div class=\"elementor-element elementor-element-9752dbc elementor-widget elementor-widget-heading\" data-id=\"9752dbc\" data-element_type=\"widget\" data-e-type=\"widget\" data-widget_type=\"heading.default\">\n\t\t\t\t<div class=\"elementor-widget-container\">\n\t\t\t\t\t<h2 class=\"elementor-heading-title elementor-size-default\">Preencha com seus dados e garanta seu novo canal de vendas!<\/h2>\t\t\t\t<\/div>\n\t\t\t\t<\/div>\n\t\t\t\t\t<\/div>\n\t\t<\/div>\n\t\t\t\t\t<\/div>\n\t\t<\/section>\n\t\t\t\t<section class=\"elementor-section elementor-top-section elementor-element elementor-element-d056c16 elementor-section-boxed elementor-section-height-default elementor-section-height-default\" data-id=\"d056c16\" data-element_type=\"section\" data-e-type=\"section\">\n\t\t\t\t\t\t<div class=\"elementor-container elementor-column-gap-default\">\n\t\t\t\t\t<div class=\"elementor-column elementor-col-100 elementor-top-column elementor-element elementor-element-0a087c9\" data-id=\"0a087c9\" data-element_type=\"column\" data-e-type=\"column\">\n\t\t\t<div class=\"elementor-widget-wrap\">\n\t\t\t\t\t\t\t<\/div>\n\t\t<\/div>\n\t\t\t\t\t<\/div>\n\t\t<\/section>\n\t\t\t\t<section class=\"elementor-section elementor-top-section elementor-element elementor-element-0863129 elementor-section-boxed elementor-section-height-default elementor-section-height-default\" data-id=\"0863129\" data-element_type=\"section\" data-e-type=\"section\">\n\t\t\t\t\t\t<div class=\"elementor-container elementor-column-gap-default\">\n\t\t\t\t\t<div class=\"elementor-column elementor-col-100 elementor-top-column elementor-element elementor-element-0357912\" data-id=\"0357912\" data-element_type=\"column\" data-e-type=\"column\">\n\t\t\t<div class=\"elementor-widget-wrap elementor-element-populated\">\n\t\t\t\t\t\t<div class=\"elementor-element elementor-element-0dd1dc0 elementor-widget elementor-widget-heading\" data-id=\"0dd1dc0\" data-element_type=\"widget\" data-e-type=\"widget\" data-widget_type=\"heading.default\">\n\t\t\t\t<div class=\"elementor-widget-container\">\n\t\t\t\t\t<h2 class=\"elementor-heading-title elementor-size-default\">Termos de Uso:<\/h2>\t\t\t\t<\/div>\n\t\t\t\t<\/div>\n\t\t\t\t\t<\/div>\n\t\t<\/div>\n\t\t\t\t\t<\/div>\n\t\t<\/section>\n\t\t\t\t<section class=\"elementor-section elementor-top-section elementor-element elementor-element-3289227 elementor-section-boxed elementor-section-height-default elementor-section-height-default\" data-id=\"3289227\" data-element_type=\"section\" data-e-type=\"section\">\n\t\t\t\t\t\t<div class=\"elementor-container elementor-column-gap-default\">\n\t\t\t\t\t<div class=\"elementor-column elementor-col-100 elementor-top-column elementor-element elementor-element-4f0a02e\" data-id=\"4f0a02e\" data-element_type=\"column\" data-e-type=\"column\">\n\t\t\t<div class=\"elementor-widget-wrap elementor-element-populated\">\n\t\t\t\t\t\t<div class=\"elementor-element elementor-element-bc41878 elementor-widget elementor-widget-text-editor\" data-id=\"bc41878\" data-element_type=\"widget\" data-e-type=\"widget\" data-widget_type=\"text-editor.default\">\n\t\t\t\t<div class=\"elementor-widget-container\">\n\t\t\t\t\t\t\t\t\t<p>Ao aceitar os termos de uso, estou ciente que:<\/p>\n<p>Estarei utilizando o canal de vendas de e-commerce (estoque, log\u00edstica, suporte e atendimento) internos da marca, neste canal representado pela \u201cE-fit Com\u00e9rcio de Materiais Esportivos Votuporanga EIRELI\u201d, inscrita no CNPJ: 27.967.094\/0001-29;&nbsp;<\/p>\n<p>O estoque dispon\u00edvel na minha loja virtual \u00e9 de propriedade da empresa \u201cE-fit Com\u00e9rcio de Materiais Esportivos Votuporanga EIRELI\u201d, inscrita no CNPJ: 27.967.094\/0001-29;&nbsp;<\/p>\n<p>Estar\u00e3o dispon\u00edveis na minha \u201cFranquia Digital\u201d apenas produtos CAJUBRASIL;<\/p>\n<p>Os pagamentos de comiss\u00f5es sobre as vendas originadas neste canal ser\u00e3o realizados em forma de comiss\u00e3o de 25%, pagas todo 5\u00ba dia \u00fatil do m\u00eas, em conta corrente informada no cadastro;<\/p>\n<p>\u00c9 <b>obrigat\u00f3rio manter as compras<\/b> das cole\u00e7\u00f5es da CAJUBRASIL no formato B2B ou atrav\u00e9s do representante;<\/p>\n<p>A divulga\u00e7\u00e3o da sua Franquia Digital ser\u00e1 feita pelo propriet\u00e1rio do canal;<\/p>\n<p>O contrato de uso da ferramenta sem custo tem o prazo determinado de 12 meses.<\/p>\t\t\t\t\t\t\t\t<\/div>\n\t\t\t\t<\/div>\n\t\t\t\t\t<\/div>\n\t\t<\/div>\n\t\t\t\t\t<\/div>\n\t\t<\/section>\n\t\t\t\t<section class=\"elementor-section elementor-top-section elementor-element elementor-element-88af44a elementor-section-boxed elementor-section-height-default elementor-section-height-default\" data-id=\"88af44a\" data-element_type=\"section\" data-e-type=\"section\">\n\t\t\t\t\t\t<div class=\"elementor-container elementor-column-gap-default\">\n\t\t\t\t\t<div class=\"elementor-column elementor-col-100 elementor-top-column elementor-element elementor-element-469fede\" data-id=\"469fede\" data-element_type=\"column\" data-e-type=\"column\">\n\t\t\t<div class=\"elementor-widget-wrap elementor-element-populated\">\n\t\t\t\t\t\t<div class=\"elementor-element elementor-element-705d8b7 elementor-widget elementor-widget-spacer\" data-id=\"705d8b7\" data-element_type=\"widget\" data-e-type=\"widget\" data-widget_type=\"spacer.default\">\n\t\t\t\t<div class=\"elementor-widget-container\">\n\t\t\t\t\t\t\t<div class=\"elementor-spacer\">\n\t\t\t<div class=\"elementor-spacer-inner\"><\/div>\n\t\t<\/div>\n\t\t\t\t\t\t<\/div>\n\t\t\t\t<\/div>\n\t\t\t\t\t<\/div>\n\t\t<\/div>\n\t\t\t\t\t<\/div>\n\t\t<\/section>\n\t\t\t\t<section class=\"elementor-section elementor-top-section elementor-element elementor-element-e3550ba elementor-section-boxed elementor-section-height-default elementor-section-height-default\" data-id=\"e3550ba\" data-element_type=\"section\" data-e-type=\"section\">\n\t\t\t\t\t\t<div class=\"elementor-container elementor-column-gap-default\">\n\t\t\t\t\t<div class=\"elementor-column elementor-col-100 elementor-top-column elementor-element elementor-element-5ef718f\" data-id=\"5ef718f\" data-element_type=\"column\" data-e-type=\"column\">\n\t\t\t<div class=\"elementor-widget-wrap elementor-element-populated\">\n\t\t\t\t\t\t<div class=\"elementor-element elementor-element-de6ae4c elementor-widget elementor-widget-heading\" data-id=\"de6ae4c\" data-element_type=\"widget\" data-e-type=\"widget\" data-widget_type=\"heading.default\">\n\t\t\t\t<div class=\"elementor-widget-container\">\n\t\t\t\t\t<h2 class=\"elementor-heading-title elementor-size-default\">Personalize sua loja!<\/h2>\t\t\t\t<\/div>\n\t\t\t\t<\/div>\n\t\t\t\t\t<\/div>\n\t\t<\/div>\n\t\t\t\t\t<\/div>\n\t\t<\/section>\n\t\t\t\t<section class=\"elementor-section elementor-top-section elementor-element elementor-element-dd7c52b elementor-section-boxed elementor-section-height-default elementor-section-height-default\" data-id=\"dd7c52b\" data-element_type=\"section\" data-e-type=\"section\">\n\t\t\t\t\t\t<div class=\"elementor-container elementor-column-gap-default\">\n\t\t\t\t\t<div class=\"elementor-column elementor-col-100 elementor-top-column elementor-element elementor-element-151c4a2\" data-id=\"151c4a2\" data-element_type=\"column\" data-e-type=\"column\">\n\t\t\t<div class=\"elementor-widget-wrap elementor-element-populated\">\n\t\t\t\t\t\t<div class=\"elementor-element elementor-element-e6be0e5 elementor-widget elementor-widget-text-editor\" data-id=\"e6be0e5\" data-element_type=\"widget\" data-e-type=\"widget\" data-widget_type=\"text-editor.default\">\n\t\t\t\t<div class=\"elementor-widget-container\">\n\t\t\t\t\t\t\t\t\t<p>Envie sua imagem para banner (tamanho 1024px\u00a0 * 300px) e imagem para o perfil (500px * 500px) no e-mail: franquiadigital@cajubrasil.com.br. N\u00e3o esque\u00e7a de informar o nome da sua loja.<\/p>\t\t\t\t\t\t\t\t<\/div>\n\t\t\t\t<\/div>\n\t\t\t\t\t<\/div>\n\t\t<\/div>\n\t\t\t\t\t<\/div>\n\t\t<\/section>\n\t\t\t\t<section class=\"elementor-section elementor-top-section elementor-element elementor-element-90f1b7b elementor-section-boxed elementor-section-height-default elementor-section-height-default\" data-id=\"90f1b7b\" data-element_type=\"section\" data-e-type=\"section\">\n\t\t\t\t\t\t<div class=\"elementor-container elementor-column-gap-default\">\n\t\t\t\t\t<div class=\"elementor-column elementor-col-100 elementor-top-column elementor-element elementor-element-5d268c5\" data-id=\"5d268c5\" data-element_type=\"column\" data-e-type=\"column\">\n\t\t\t<div class=\"elementor-widget-wrap elementor-element-populated\">\n\t\t\t\t\t\t<div class=\"elementor-element elementor-element-043e2b9 elementor-widget elementor-widget-spacer\" data-id=\"043e2b9\" data-element_type=\"widget\" data-e-type=\"widget\" data-widget_type=\"spacer.default\">\n\t\t\t\t<div class=\"elementor-widget-container\">\n\t\t\t\t\t\t\t<div class=\"elementor-spacer\">\n\t\t\t<div class=\"elementor-spacer-inner\"><\/div>\n\t\t<\/div>\n\t\t\t\t\t\t<\/div>\n\t\t\t\t<\/div>\n\t\t\t\t\t<\/div>\n\t\t<\/div>\n\t\t\t\t\t<\/div>\n\t\t<\/section>\n\t\t\t\t<section class=\"elementor-section elementor-top-section elementor-element elementor-element-9013ed4 elementor-section-boxed elementor-section-height-default elementor-section-height-default\" data-id=\"9013ed4\" data-element_type=\"section\" data-e-type=\"section\">\n\t\t\t\t\t\t<div class=\"elementor-container elementor-column-gap-default\">\n\t\t\t\t\t<div class=\"elementor-column elementor-col-100 elementor-top-column elementor-element elementor-element-af1ef29\" data-id=\"af1ef29\" data-element_type=\"column\" data-e-type=\"column\">\n\t\t\t<div class=\"elementor-widget-wrap elementor-element-populated\">\n\t\t\t\t\t\t<div class=\"elementor-element elementor-element-e5aab5b elementor-widget elementor-widget-heading\" data-id=\"e5aab5b\" data-element_type=\"widget\" data-e-type=\"widget\" data-widget_type=\"heading.default\">\n\t\t\t\t<div class=\"elementor-widget-container\">\n\t\t\t\t\t<h4 class=\"elementor-heading-title elementor-size-default\">D\u00favidas para preencher o seu cadastro? Siga as instru\u00e7\u00f5es abaixo:<\/h4>\t\t\t\t<\/div>\n\t\t\t\t<\/div>\n\t\t\t\t\t<\/div>\n\t\t<\/div>\n\t\t\t\t\t<\/div>\n\t\t<\/section>\n\t\t\t\t<section class=\"elementor-section elementor-top-section elementor-element elementor-element-bd68cb8 elementor-section-boxed elementor-section-height-default elementor-section-height-default\" data-id=\"bd68cb8\" data-element_type=\"section\" data-e-type=\"section\">\n\t\t\t\t\t\t<div class=\"elementor-container elementor-column-gap-default\">\n\t\t\t\t\t<div class=\"elementor-column elementor-col-100 elementor-top-column elementor-element elementor-element-34bd277\" data-id=\"34bd277\" data-element_type=\"column\" data-e-type=\"column\">\n\t\t\t<div class=\"elementor-widget-wrap elementor-element-populated\">\n\t\t\t\t\t\t<div class=\"elementor-element elementor-element-bf961e6 elementor-widget elementor-widget-wp-widget-custom_html\" data-id=\"bf961e6\" data-element_type=\"widget\" data-e-type=\"widget\" data-widget_type=\"wp-widget-custom_html.default\">\n\t\t\t\t<div class=\"elementor-widget-container\">\n\t\t\t\t\t<div class=\"textwidget custom-html-widget\"><div style=\"position: relative;padding-bottom: 56.22254758418741%;height: 0\"><\/div><\/div>\t\t\t\t<\/div>\n\t\t\t\t<\/div>\n\t\t\t\t\t<\/div>\n\t\t<\/div>\n\t\t\t\t\t<\/div>\n\t\t<\/section>\n\t\t\t\t<\/div>\n\t\t","protected":false},"excerpt":{"rendered":"<p>Preencha com seus dados e garanta seu novo canal de vendas! [wpforms id=&#8221;40&#8243; title=&#8221;false&#8221; description=&#8221;false&#8221;] Termos de Uso: Ao aceitar os termos de uso, estou ciente que: Estarei utilizando o canal de vendas de e-commerce (estoque, log\u00edstica, suporte e atendimento) internos da marca, neste canal representado pela \u201cE-fit Com\u00e9rcio de Materiais Esportivos Votuporanga EIRELI\u201d, inscrita [&hellip;]<\/p>\n","protected":false},"author":1,"featured_media":0,"parent":0,"menu_order":0,"comment_status":"closed","ping_status":"closed","template":"","meta":{"footnotes":""},"class_list":["post-43","page","type-page","status-publish","hentry"],"yoast_head":"<!-- This site is optimized with the Yoast SEO plugin v25.8 - https:\/\/yoast.com\/wordpress\/plugins\/seo\/ -->\n<title>Fa\u00e7a parte! - Franquia Digital CAJUBRASIL<\/title>\n<meta name=\"robots\" content=\"index, follow, max-snippet:-1, max-image-preview:large, max-video-preview:-1\" \/>\n<link rel=\"canonical\" href=\"http:\/\/cajubrasil.com\/franquiadigital\/faca-parte\/\" \/>\n<meta property=\"og:locale\" content=\"pt_BR\" \/>\n<meta property=\"og:type\" content=\"article\" \/>\n<meta property=\"og:title\" content=\"Fa\u00e7a parte! - Franquia Digital CAJUBRASIL\" \/>\n<meta property=\"og:description\" content=\"Preencha com seus dados e garanta seu novo canal de vendas! [wpforms id=&#8221;40&#8243; title=&#8221;false&#8221; description=&#8221;false&#8221;] Termos de Uso: Ao aceitar os termos de uso, estou ciente que: Estarei utilizando o canal de vendas de e-commerce (estoque, log\u00edstica, suporte e atendimento) internos da marca, neste canal representado pela \u201cE-fit Com\u00e9rcio de Materiais Esportivos Votuporanga EIRELI\u201d, inscrita [&hellip;]\" \/>\n<meta property=\"og:url\" content=\"http:\/\/cajubrasil.com\/franquiadigital\/faca-parte\/\" \/>\n<meta property=\"og:site_name\" content=\"Franquia Digital CAJUBRASIL\" \/>\n<meta property=\"article:modified_time\" content=\"2020-10-21T14:58:13+00:00\" \/>\n<meta name=\"twitter:card\" content=\"summary_large_image\" \/>\n<meta name=\"twitter:label1\" content=\"Est. tempo de leitura\" \/>\n\t<meta name=\"twitter:data1\" content=\"1 minuto\" \/>\n<script type=\"application\/ld+json\" class=\"yoast-schema-graph\">{\"@context\":\"https:\/\/schema.org\",\"@graph\":[{\"@type\":\"WebPage\",\"@id\":\"http:\/\/cajubrasil.com\/franquiadigital\/faca-parte\/\",\"url\":\"http:\/\/cajubrasil.com\/franquiadigital\/faca-parte\/\",\"name\":\"Fa\u00e7a parte! - Franquia Digital CAJUBRASIL\",\"isPartOf\":{\"@id\":\"http:\/\/cajubrasil.com\/franquiadigital\/#website\"},\"datePublished\":\"2020-09-24T17:52:46+00:00\",\"dateModified\":\"2020-10-21T14:58:13+00:00\",\"breadcrumb\":{\"@id\":\"http:\/\/cajubrasil.com\/franquiadigital\/faca-parte\/#breadcrumb\"},\"inLanguage\":\"pt-BR\",\"potentialAction\":[{\"@type\":\"ReadAction\",\"target\":[\"http:\/\/cajubrasil.com\/franquiadigital\/faca-parte\/\"]}]},{\"@type\":\"BreadcrumbList\",\"@id\":\"http:\/\/cajubrasil.com\/franquiadigital\/faca-parte\/#breadcrumb\",\"itemListElement\":[{\"@type\":\"ListItem\",\"position\":1,\"name\":\"In\u00edcio\",\"item\":\"http:\/\/cajubrasil.com\/franquiadigital\/\"},{\"@type\":\"ListItem\",\"position\":2,\"name\":\"Fa\u00e7a parte!\"}]},{\"@type\":\"WebSite\",\"@id\":\"http:\/\/cajubrasil.com\/franquiadigital\/#website\",\"url\":\"http:\/\/cajubrasil.com\/franquiadigital\/\",\"name\":\"Franquia Digital CAJUBRASIL\",\"description\":\"\",\"potentialAction\":[{\"@type\":\"SearchAction\",\"target\":{\"@type\":\"EntryPoint\",\"urlTemplate\":\"http:\/\/cajubrasil.com\/franquiadigital\/?s={search_term_string}\"},\"query-input\":{\"@type\":\"PropertyValueSpecification\",\"valueRequired\":true,\"valueName\":\"search_term_string\"}}],\"inLanguage\":\"pt-BR\"}]}<\/script>\n<!-- \/ Yoast SEO plugin. -->","yoast_head_json":{"title":"Fa\u00e7a parte! - Franquia Digital CAJUBRASIL","robots":{"index":"index","follow":"follow","max-snippet":"max-snippet:-1","max-image-preview":"max-image-preview:large","max-video-preview":"max-video-preview:-1"},"canonical":"http:\/\/cajubrasil.com\/franquiadigital\/faca-parte\/","og_locale":"pt_BR","og_type":"article","og_title":"Fa\u00e7a parte! - Franquia Digital CAJUBRASIL","og_description":"Preencha com seus dados e garanta seu novo canal de vendas! [wpforms id=&#8221;40&#8243; title=&#8221;false&#8221; description=&#8221;false&#8221;] Termos de Uso: Ao aceitar os termos de uso, estou ciente que: Estarei utilizando o canal de vendas de e-commerce (estoque, log\u00edstica, suporte e atendimento) internos da marca, neste canal representado pela \u201cE-fit Com\u00e9rcio de Materiais Esportivos Votuporanga EIRELI\u201d, inscrita [&hellip;]","og_url":"http:\/\/cajubrasil.com\/franquiadigital\/faca-parte\/","og_site_name":"Franquia Digital CAJUBRASIL","article_modified_time":"2020-10-21T14:58:13+00:00","twitter_card":"summary_large_image","twitter_misc":{"Est. tempo de leitura":"1 minuto"},"schema":{"@context":"https:\/\/schema.org","@graph":[{"@type":"WebPage","@id":"http:\/\/cajubrasil.com\/franquiadigital\/faca-parte\/","url":"http:\/\/cajubrasil.com\/franquiadigital\/faca-parte\/","name":"Fa\u00e7a parte! - Franquia Digital CAJUBRASIL","isPartOf":{"@id":"http:\/\/cajubrasil.com\/franquiadigital\/#website"},"datePublished":"2020-09-24T17:52:46+00:00","dateModified":"2020-10-21T14:58:13+00:00","breadcrumb":{"@id":"http:\/\/cajubrasil.com\/franquiadigital\/faca-parte\/#breadcrumb"},"inLanguage":"pt-BR","potentialAction":[{"@type":"ReadAction","target":["http:\/\/cajubrasil.com\/franquiadigital\/faca-parte\/"]}]},{"@type":"BreadcrumbList","@id":"http:\/\/cajubrasil.com\/franquiadigital\/faca-parte\/#breadcrumb","itemListElement":[{"@type":"ListItem","position":1,"name":"In\u00edcio","item":"http:\/\/cajubrasil.com\/franquiadigital\/"},{"@type":"ListItem","position":2,"name":"Fa\u00e7a parte!"}]},{"@type":"WebSite","@id":"http:\/\/cajubrasil.com\/franquiadigital\/#website","url":"http:\/\/cajubrasil.com\/franquiadigital\/","name":"Franquia Digital CAJUBRASIL","description":"","potentialAction":[{"@type":"SearchAction","target":{"@type":"EntryPoint","urlTemplate":"http:\/\/cajubrasil.com\/franquiadigital\/?s={search_term_string}"},"query-input":{"@type":"PropertyValueSpecification","valueRequired":true,"valueName":"search_term_string"}}],"inLanguage":"pt-BR"}]}},"_links":{"self":[{"href":"http:\/\/cajubrasil.com\/franquiadigital\/wp-json\/wp\/v2\/pages\/43","targetHints":{"allow":["GET"]}}],"collection":[{"href":"http:\/\/cajubrasil.com\/franquiadigital\/wp-json\/wp\/v2\/pages"}],"about":[{"href":"http:\/\/cajubrasil.com\/franquiadigital\/wp-json\/wp\/v2\/types\/page"}],"author":[{"embeddable":true,"href":"http:\/\/cajubrasil.com\/franquiadigital\/wp-json\/wp\/v2\/users\/1"}],"replies":[{"embeddable":true,"href":"http:\/\/cajubrasil.com\/franquiadigital\/wp-json\/wp\/v2\/comments?post=43"}],"version-history":[{"count":15,"href":"http:\/\/cajubrasil.com\/franquiadigital\/wp-json\/wp\/v2\/pages\/43\/revisions"}],"predecessor-version":[{"id":170,"href":"http:\/\/cajubrasil.com\/franquiadigital\/wp-json\/wp\/v2\/pages\/43\/revisions\/170"}],"wp:attachment":[{"href":"http:\/\/cajubrasil.com\/franquiadigital\/wp-json\/wp\/v2\/media?parent=43"}],"curies":[{"name":"wp","href":"https:\/\/api.w.org\/{rel}","templated":true}]}}