{"id":4277,"date":"2019-06-27T20:08:44","date_gmt":"2019-06-27T20:08:44","guid":{"rendered":"http:\/\/cajubrasil.com\/es\/?page_id=4277"},"modified":"2020-01-10T12:24:46","modified_gmt":"2020-01-10T12:24:46","slug":"coleccion-essence","status":"publish","type":"page","link":"https:\/\/cajubrasil.com\/es\/coleccion-essence\/","title":{"rendered":"Colecci\u00f3n ESSENCE"},"content":{"rendered":"\t\t<div data-elementor-type=\"wp-post\" data-elementor-id=\"4277\" class=\"elementor elementor-4277\">\n\t\t\t\t\t\t<section class=\"elementor-section elementor-top-section elementor-element elementor-element-3942aeff elementor-section-boxed elementor-section-height-default elementor-section-height-default\" data-id=\"3942aeff\" data-element_type=\"section\" data-e-type=\"section\" data-settings=\"{&quot;background_background&quot;:&quot;classic&quot;}\">\n\t\t\t\t\t\t\t<div class=\"elementor-background-overlay\"><\/div>\n\t\t\t\t\t\t\t<div class=\"elementor-container elementor-column-gap-default\">\n\t\t\t\t\t<div class=\"elementor-column elementor-col-100 elementor-top-column elementor-element elementor-element-529ab8ae\" data-id=\"529ab8ae\" data-element_type=\"column\" data-e-type=\"column\">\n\t\t\t<div class=\"elementor-widget-wrap elementor-element-populated\">\n\t\t\t\t\t\t<div class=\"elementor-element elementor-element-15f2296e elementor-widget elementor-widget-heading\" data-id=\"15f2296e\" data-element_type=\"widget\" data-e-type=\"widget\" data-widget_type=\"heading.default\">\n\t\t\t\t<div class=\"elementor-widget-container\">\n\t\t\t\t\t<h2 class=\"elementor-heading-title elementor-size-default\">Colecci\u00f3n essence<\/h2>\t\t\t\t<\/div>\n\t\t\t\t<\/div>\n\t\t\t\t<div class=\"elementor-element elementor-element-186094e3 elementor-widget elementor-widget-heading\" data-id=\"186094e3\" data-element_type=\"widget\" data-e-type=\"widget\" data-widget_type=\"heading.default\">\n\t\t\t\t<div class=\"elementor-widget-container\">\n\t\t\t\t\t<h1 class=\"elementor-heading-title elementor-size-large\">trust your essence<\/h1>\t\t\t\t<\/div>\n\t\t\t\t<\/div>\n\t\t\t\t<div class=\"elementor-element elementor-element-2f65ae58 elementor-widget elementor-widget-button\" data-id=\"2f65ae58\" data-element_type=\"widget\" data-e-type=\"widget\" data-widget_type=\"button.default\">\n\t\t\t\t<div class=\"elementor-widget-container\">\n\t\t\t\t\t\t\t\t\t<div class=\"elementor-button-wrapper\">\n\t\t\t\t\t<a class=\"elementor-button elementor-button-link elementor-size-sm\" href=\"http:\/\/cajubrasil.com\/es\/material-de-apoyo\/\">\n\t\t\t\t\t\t<span class=\"elementor-button-content-wrapper\">\n\t\t\t\t\t\t<span class=\"elementor-button-icon\">\n\t\t\t\t\t\t\t\t\t<i class=\"fa fa-caret-left\" aria-hidden=\"true\"><\/i>\n\t\t\t\t\t\t\t<\/span>\n\t\t\t\t\t\t\t\t\t<span class=\"elementor-button-text\">ACCESAR MATERIAL DE APOYO DE OTRAS COLECCIONES<\/span>\n\t\t\t\t\t<\/span>\n\t\t\t\t\t<\/a>\n\t\t\t\t<\/div>\n\t\t\t\t\t\t\t\t<\/div>\n\t\t\t\t<\/div>\n\t\t\t\t\t<\/div>\n\t\t<\/div>\n\t\t\t\t\t<\/div>\n\t\t<\/section>\n\t\t\t\t<section class=\"elementor-section elementor-top-section elementor-element elementor-element-1a4b80fa elementor-section-content-middle elementor-section-boxed elementor-section-height-default elementor-section-height-default\" data-id=\"1a4b80fa\" data-element_type=\"section\" data-e-type=\"section\" data-settings=\"{&quot;background_background&quot;:&quot;classic&quot;}\">\n\t\t\t\t\t\t<div class=\"elementor-container elementor-column-gap-default\">\n\t\t\t\t\t<div class=\"elementor-column elementor-col-50 elementor-top-column elementor-element elementor-element-6c5170e\" data-id=\"6c5170e\" data-element_type=\"column\" data-e-type=\"column\">\n\t\t\t<div class=\"elementor-widget-wrap elementor-element-populated\">\n\t\t\t\t\t\t<div class=\"elementor-element elementor-element-29384c22 elementor-widget elementor-widget-heading\" data-id=\"29384c22\" data-element_type=\"widget\" data-e-type=\"widget\" data-widget_type=\"heading.default\">\n\t\t\t\t<div class=\"elementor-widget-container\">\n\t\t\t\t\t<h3 class=\"elementor-heading-title elementor-size-large\">Essence 2020<\/h3>\t\t\t\t<\/div>\n\t\t\t\t<\/div>\n\t\t\t\t<div class=\"elementor-element elementor-element-b5ad590 elementor-icon-list--layout-traditional elementor-list-item-link-full_width elementor-widget elementor-widget-icon-list\" data-id=\"b5ad590\" data-element_type=\"widget\" data-e-type=\"widget\" data-widget_type=\"icon-list.default\">\n\t\t\t\t<div class=\"elementor-widget-container\">\n\t\t\t\t\t\t\t<ul class=\"elementor-icon-list-items\">\n\t\t\t\t\t\t\t<li class=\"elementor-icon-list-item\">\n\t\t\t\t\t\t\t\t\t\t\t<a href=\"https:\/\/www.dropbox.com\/s\/7rfjfgo9blcgy7s\/CAJUBRASIL%20ESSENCE%202020.pdf?dl=0\" target=\"_blank\">\n\n\t\t\t\t\t\t\t\t\t\t\t\t<span class=\"elementor-icon-list-icon\">\n\t\t\t\t\t\t\t<i aria-hidden=\"true\" class=\"fas fa-caret-right\"><\/i>\t\t\t\t\t\t<\/span>\n\t\t\t\t\t\t\t\t\t\t<span class=\"elementor-icon-list-text\">Cat\u00e1logo<\/span>\n\t\t\t\t\t\t\t\t\t\t\t<\/a>\n\t\t\t\t\t\t\t\t\t<\/li>\n\t\t\t\t\t\t\t\t<li class=\"elementor-icon-list-item\">\n\t\t\t\t\t\t\t\t\t\t\t<a href=\"https:\/\/www.dropbox.com\/sh\/6nopm9u3xmjv5xn\/AABJhX9zeC-HlS4wnkZ6GAsua?dl=0\" target=\"_blank\">\n\n\t\t\t\t\t\t\t\t\t\t\t\t<span class=\"elementor-icon-list-icon\">\n\t\t\t\t\t\t\t<i aria-hidden=\"true\" class=\"fas fa-caret-right\"><\/i>\t\t\t\t\t\t<\/span>\n\t\t\t\t\t\t\t\t\t\t<span class=\"elementor-icon-list-text\">Fotos Concepto<\/span>\n\t\t\t\t\t\t\t\t\t\t\t<\/a>\n\t\t\t\t\t\t\t\t\t<\/li>\n\t\t\t\t\t\t\t\t<li class=\"elementor-icon-list-item\">\n\t\t\t\t\t\t\t\t\t\t\t<a href=\"https:\/\/www.dropbox.com\/sh\/4ji25krrbi1um40\/AAAHZh59BvETlAXBQoyszk22a?dl=0\" target=\"_blank\">\n\n\t\t\t\t\t\t\t\t\t\t\t\t<span class=\"elementor-icon-list-icon\">\n\t\t\t\t\t\t\t<i aria-hidden=\"true\" class=\"fas fa-caret-right\"><\/i>\t\t\t\t\t\t<\/span>\n\t\t\t\t\t\t\t\t\t\t<span class=\"elementor-icon-list-text\">Fotos Capa\/Estilo<\/span>\n\t\t\t\t\t\t\t\t\t\t\t<\/a>\n\t\t\t\t\t\t\t\t\t<\/li>\n\t\t\t\t\t\t\t\t<li class=\"elementor-icon-list-item\">\n\t\t\t\t\t\t\t\t\t\t\t<a href=\"https:\/\/www.dropbox.com\/sh\/b42ggqc8vzk6p92\/AABmFemYcYgfy5QwNZDiKpXFa?dl=0\" target=\"_blank\">\n\n\t\t\t\t\t\t\t\t\t\t\t\t<span class=\"elementor-icon-list-icon\">\n\t\t\t\t\t\t\t<i aria-hidden=\"true\" class=\"fas fa-caret-right\"><\/i>\t\t\t\t\t\t<\/span>\n\t\t\t\t\t\t\t\t\t\t<span class=\"elementor-icon-list-text\">Fotos de Lookbook<\/span>\n\t\t\t\t\t\t\t\t\t\t\t<\/a>\n\t\t\t\t\t\t\t\t\t<\/li>\n\t\t\t\t\t\t\t\t<li class=\"elementor-icon-list-item\">\n\t\t\t\t\t\t\t\t\t\t\t<a href=\"https:\/\/www.dropbox.com\/sh\/k937p6rhpev6o2m\/AAAgTfuMdK4Yg03XjtRinxO1a?dl=0\" target=\"_blank\">\n\n\t\t\t\t\t\t\t\t\t\t\t\t<span class=\"elementor-icon-list-icon\">\n\t\t\t\t\t\t\t<i aria-hidden=\"true\" class=\"fas fa-caret-right\"><\/i>\t\t\t\t\t\t<\/span>\n\t\t\t\t\t\t\t\t\t\t<span class=\"elementor-icon-list-text\">Fotos de Lookbook | E-Commerce<\/span>\n\t\t\t\t\t\t\t\t\t\t\t<\/a>\n\t\t\t\t\t\t\t\t\t<\/li>\n\t\t\t\t\t\t\t\t<li class=\"elementor-icon-list-item\">\n\t\t\t\t\t\t\t\t\t\t\t<a href=\"https:\/\/www.dropbox.com\/sh\/3hbtn7a59773jnv\/AAC67o2lnAeNSFhye34JM64Ia?dl=0\" target=\"_blank\">\n\n\t\t\t\t\t\t\t\t\t\t\t\t<span class=\"elementor-icon-list-icon\">\n\t\t\t\t\t\t\t<i aria-hidden=\"true\" class=\"fas fa-caret-right\"><\/i>\t\t\t\t\t\t<\/span>\n\t\t\t\t\t\t\t\t\t\t<span class=\"elementor-icon-list-text\">Fotos Influencers<\/span>\n\t\t\t\t\t\t\t\t\t\t\t<\/a>\n\t\t\t\t\t\t\t\t\t<\/li>\n\t\t\t\t\t\t\t\t<li class=\"elementor-icon-list-item\">\n\t\t\t\t\t\t\t\t\t\t\t<a href=\"https:\/\/www.dropbox.com\/sh\/1m5dwlyznmqtvzg\/AADQU6ZUsU-RaW_iZNZ3mUkQa?dl=0\" target=\"_blank\">\n\n\t\t\t\t\t\t\t\t\t\t\t\t<span class=\"elementor-icon-list-icon\">\n\t\t\t\t\t\t\t<i aria-hidden=\"true\" class=\"fas fa-caret-right\"><\/i>\t\t\t\t\t\t<\/span>\n\t\t\t\t\t\t\t\t\t\t<span class=\"elementor-icon-list-text\">Making of \/ Teasers<\/span>\n\t\t\t\t\t\t\t\t\t\t\t<\/a>\n\t\t\t\t\t\t\t\t\t<\/li>\n\t\t\t\t\t\t\t\t<li class=\"elementor-icon-list-item\">\n\t\t\t\t\t\t\t\t\t\t\t<a href=\"https:\/\/www.dropbox.com\/sh\/4actw1pyqhvlfou\/AAB4mk7NrHXgDwUGPZhFkLSqa?dl=0\" target=\"_blank\">\n\n\t\t\t\t\t\t\t\t\t\t\t\t<span class=\"elementor-icon-list-icon\">\n\t\t\t\t\t\t\t<i aria-hidden=\"true\" class=\"fas fa-caret-right\"><\/i>\t\t\t\t\t\t<\/span>\n\t\t\t\t\t\t\t\t\t\t<span class=\"elementor-icon-list-text\">Manuales<\/span>\n\t\t\t\t\t\t\t\t\t\t\t<\/a>\n\t\t\t\t\t\t\t\t\t<\/li>\n\t\t\t\t\t\t<\/ul>\n\t\t\t\t\t\t<\/div>\n\t\t\t\t<\/div>\n\t\t\t\t\t<\/div>\n\t\t<\/div>\n\t\t\t\t<div class=\"elementor-column elementor-col-50 elementor-top-column elementor-element elementor-element-52a887e\" data-id=\"52a887e\" data-element_type=\"column\" data-e-type=\"column\">\n\t\t\t<div class=\"elementor-widget-wrap elementor-element-populated\">\n\t\t\t\t\t\t<div class=\"elementor-element elementor-element-7eb1564 elementor-widget elementor-widget-heading\" data-id=\"7eb1564\" data-element_type=\"widget\" data-e-type=\"widget\" data-widget_type=\"heading.default\">\n\t\t\t\t<div class=\"elementor-widget-container\">\n\t\t\t\t\t<h3 class=\"elementor-heading-title elementor-size-large\">CAJUBRASIL Curvy 2020<\/h3>\t\t\t\t<\/div>\n\t\t\t\t<\/div>\n\t\t\t\t<div class=\"elementor-element elementor-element-cdebc3c elementor-icon-list--layout-traditional elementor-list-item-link-full_width elementor-widget elementor-widget-icon-list\" data-id=\"cdebc3c\" data-element_type=\"widget\" data-e-type=\"widget\" data-widget_type=\"icon-list.default\">\n\t\t\t\t<div class=\"elementor-widget-container\">\n\t\t\t\t\t\t\t<ul class=\"elementor-icon-list-items\">\n\t\t\t\t\t\t\t<li class=\"elementor-icon-list-item\">\n\t\t\t\t\t\t\t\t\t\t\t<a href=\"https:\/\/www.dropbox.com\/home\/CAJUBRASIL%20Curvy\/Logo\" target=\"_blank\">\n\n\t\t\t\t\t\t\t\t\t\t\t\t<span class=\"elementor-icon-list-icon\">\n\t\t\t\t\t\t\t<i aria-hidden=\"true\" class=\"fas fa-caret-right\"><\/i>\t\t\t\t\t\t<\/span>\n\t\t\t\t\t\t\t\t\t\t<span class=\"elementor-icon-list-text\">Logo<\/span>\n\t\t\t\t\t\t\t\t\t\t\t<\/a>\n\t\t\t\t\t\t\t\t\t<\/li>\n\t\t\t\t\t\t\t\t<li class=\"elementor-icon-list-item\">\n\t\t\t\t\t\t\t\t\t\t\t<a href=\"https:\/\/www.dropbox.com\/sh\/h2x70c1wpfk2rhy\/AADbqGbrNAVy36e4O3FR7UGpa?dl=0\" target=\"_blank\">\n\n\t\t\t\t\t\t\t\t\t\t\t\t<span class=\"elementor-icon-list-icon\">\n\t\t\t\t\t\t\t<i aria-hidden=\"true\" class=\"fas fa-caret-right\"><\/i>\t\t\t\t\t\t<\/span>\n\t\t\t\t\t\t\t\t\t\t<span class=\"elementor-icon-list-text\">Fotos Concepto<\/span>\n\t\t\t\t\t\t\t\t\t\t\t<\/a>\n\t\t\t\t\t\t\t\t\t<\/li>\n\t\t\t\t\t\t\t\t<li class=\"elementor-icon-list-item\">\n\t\t\t\t\t\t\t\t\t\t\t<a href=\"https:\/\/www.dropbox.com\/sh\/b42ggqc8vzk6p92\/AABmFemYcYgfy5QwNZDiKpXFa?dl=0\" target=\"_blank\">\n\n\t\t\t\t\t\t\t\t\t\t\t\t<span class=\"elementor-icon-list-icon\">\n\t\t\t\t\t\t\t<i aria-hidden=\"true\" class=\"fas fa-caret-right\"><\/i>\t\t\t\t\t\t<\/span>\n\t\t\t\t\t\t\t\t\t\t<span class=\"elementor-icon-list-text\">Fotos de Lookbook<\/span>\n\t\t\t\t\t\t\t\t\t\t\t<\/a>\n\t\t\t\t\t\t\t\t\t<\/li>\n\t\t\t\t\t\t\t\t<li class=\"elementor-icon-list-item\">\n\t\t\t\t\t\t\t\t\t\t\t<span class=\"elementor-icon-list-icon\">\n\t\t\t\t\t\t\t<i aria-hidden=\"true\" class=\"fas fa-caret-right\"><\/i>\t\t\t\t\t\t<\/span>\n\t\t\t\t\t\t\t\t\t\t<span class=\"elementor-icon-list-text\">Fotos Influencers<\/span>\n\t\t\t\t\t\t\t\t\t<\/li>\n\t\t\t\t\t\t\t\t<li class=\"elementor-icon-list-item\">\n\t\t\t\t\t\t\t\t\t\t\t<a href=\"https:\/\/www.dropbox.com\/sh\/ch5akowp9dkwz11\/AAChmcVRsFbB4gqbEWV3l7Zda?dl=0\" target=\"_blank\">\n\n\t\t\t\t\t\t\t\t\t\t\t\t<span class=\"elementor-icon-list-icon\">\n\t\t\t\t\t\t\t<i aria-hidden=\"true\" class=\"fas fa-caret-right\"><\/i>\t\t\t\t\t\t<\/span>\n\t\t\t\t\t\t\t\t\t\t<span class=\"elementor-icon-list-text\">Making of \/ Teasers<\/span>\n\t\t\t\t\t\t\t\t\t\t\t<\/a>\n\t\t\t\t\t\t\t\t\t<\/li>\n\t\t\t\t\t\t\t\t<li class=\"elementor-icon-list-item\">\n\t\t\t\t\t\t\t\t\t\t\t<a href=\"https:\/\/www.dropbox.com\/sh\/qkmo7dqjfedxnwv\/AACM6vQSjg3g9FF-oST-bojma?dl=0\" target=\"_blank\">\n\n\t\t\t\t\t\t\t\t\t\t\t\t<span class=\"elementor-icon-list-icon\">\n\t\t\t\t\t\t\t<i aria-hidden=\"true\" class=\"fas fa-caret-right\"><\/i>\t\t\t\t\t\t<\/span>\n\t\t\t\t\t\t\t\t\t\t<span class=\"elementor-icon-list-text\">Medidas<\/span>\n\t\t\t\t\t\t\t\t\t\t\t<\/a>\n\t\t\t\t\t\t\t\t\t<\/li>\n\t\t\t\t\t\t<\/ul>\n\t\t\t\t\t\t<\/div>\n\t\t\t\t<\/div>\n\t\t\t\t\t<\/div>\n\t\t<\/div>\n\t\t\t\t\t<\/div>\n\t\t<\/section>\n\t\t\t\t<\/div>\n\t\t","protected":false},"excerpt":{"rendered":"<p>Colecci\u00f3n essence trust your essence ACCESAR MATERIAL DE APOYO DE OTRAS COLECCIONES Essence 2020 Cat\u00e1logo Fotos Concepto Fotos Capa\/Estilo Fotos de Lookbook Fotos de Lookbook | E-Commerce Fotos Influencers Making of \/ Teasers Manuales CAJUBRASIL Curvy 2020 Logo Fotos Concepto Fotos de Lookbook Fotos Influencers Making of \/ Teasers Medidas<\/p>\n","protected":false},"author":1,"featured_media":0,"parent":0,"menu_order":0,"comment_status":"closed","ping_status":"closed","template":"page-model.php","meta":{"footnotes":""},"class_list":["post-4277","page","type-page","status-publish","hentry"],"yoast_head":"<!-- This site is optimized with the Yoast SEO plugin v25.8 - https:\/\/yoast.com\/wordpress\/plugins\/seo\/ -->\n<title>Colecci\u00f3n ESSENCE - Cajubrasil | ES<\/title>\n<meta name=\"robots\" content=\"index, follow, max-snippet:-1, max-image-preview:large, max-video-preview:-1\" \/>\n<link rel=\"canonical\" href=\"http:\/\/cajubrasil.com\/es\/coleccion-essence\/\" \/>\n<meta property=\"og:locale\" content=\"pt_BR\" \/>\n<meta property=\"og:type\" content=\"article\" \/>\n<meta property=\"og:title\" content=\"Colecci\u00f3n ESSENCE - Cajubrasil | ES\" \/>\n<meta property=\"og:description\" content=\"Colecci\u00f3n essence trust your essence ACCESAR MATERIAL DE APOYO DE OTRAS COLECCIONES Essence 2020 Cat\u00e1logo Fotos Concepto Fotos Capa\/Estilo Fotos de Lookbook Fotos de Lookbook | E-Commerce Fotos Influencers Making of \/ Teasers Manuales CAJUBRASIL Curvy 2020 Logo Fotos Concepto Fotos de Lookbook Fotos Influencers Making of \/ Teasers Medidas\" \/>\n<meta property=\"og:url\" content=\"http:\/\/cajubrasil.com\/es\/coleccion-essence\/\" \/>\n<meta property=\"og:site_name\" content=\"Cajubrasil | ES\" \/>\n<meta property=\"article:modified_time\" content=\"2020-01-10T12:24:46+00:00\" \/>\n<meta name=\"twitter:card\" content=\"summary_large_image\" \/>\n<script type=\"application\/ld+json\" class=\"yoast-schema-graph\">{\"@context\":\"https:\/\/schema.org\",\"@graph\":[{\"@type\":\"WebPage\",\"@id\":\"http:\/\/cajubrasil.com\/es\/coleccion-essence\/\",\"url\":\"http:\/\/cajubrasil.com\/es\/coleccion-essence\/\",\"name\":\"Colecci\u00f3n ESSENCE - Cajubrasil | ES\",\"isPartOf\":{\"@id\":\"http:\/\/cajubrasil.com\/es\/#website\"},\"datePublished\":\"2019-06-27T20:08:44+00:00\",\"dateModified\":\"2020-01-10T12:24:46+00:00\",\"breadcrumb\":{\"@id\":\"http:\/\/cajubrasil.com\/es\/coleccion-essence\/#breadcrumb\"},\"inLanguage\":\"pt-BR\",\"potentialAction\":[{\"@type\":\"ReadAction\",\"target\":[\"http:\/\/cajubrasil.com\/es\/coleccion-essence\/\"]}]},{\"@type\":\"BreadcrumbList\",\"@id\":\"http:\/\/cajubrasil.com\/es\/coleccion-essence\/#breadcrumb\",\"itemListElement\":[{\"@type\":\"ListItem\",\"position\":1,\"name\":\"In\u00edcio\",\"item\":\"http:\/\/cajubrasil.com\/es\/\"},{\"@type\":\"ListItem\",\"position\":2,\"name\":\"Colecci\u00f3n ESSENCE\"}]},{\"@type\":\"WebSite\",\"@id\":\"http:\/\/cajubrasil.com\/es\/#website\",\"url\":\"http:\/\/cajubrasil.com\/es\/\",\"name\":\"Cajubrasil | ES\",\"description\":\"La moda de fitness Cajubrasil est\u00e1 presente en m\u00e1s de 45 pa\u00edses productores de la mejor ropa de fitness.\",\"publisher\":{\"@id\":\"http:\/\/cajubrasil.com\/es\/#organization\"},\"potentialAction\":[{\"@type\":\"SearchAction\",\"target\":{\"@type\":\"EntryPoint\",\"urlTemplate\":\"http:\/\/cajubrasil.com\/es\/?s={search_term_string}\"},\"query-input\":{\"@type\":\"PropertyValueSpecification\",\"valueRequired\":true,\"valueName\":\"search_term_string\"}}],\"inLanguage\":\"pt-BR\"},{\"@type\":\"Organization\",\"@id\":\"http:\/\/cajubrasil.com\/es\/#organization\",\"name\":\"Cajubrasil | ES\",\"url\":\"http:\/\/cajubrasil.com\/es\/\",\"logo\":{\"@type\":\"ImageObject\",\"inLanguage\":\"pt-BR\",\"@id\":\"http:\/\/cajubrasil.com\/es\/#\/schema\/logo\/image\/\",\"url\":\"https:\/\/cajubrasil.com\/es\/wp-content\/uploads\/sites\/4\/2023\/02\/cropped-logo-wordpress-4.png\",\"contentUrl\":\"https:\/\/cajubrasil.com\/es\/wp-content\/uploads\/sites\/4\/2023\/02\/cropped-logo-wordpress-4.png\",\"width\":1023,\"height\":372,\"caption\":\"Cajubrasil | ES\"},\"image\":{\"@id\":\"http:\/\/cajubrasil.com\/es\/#\/schema\/logo\/image\/\"}}]}<\/script>\n<!-- \/ Yoast SEO plugin. -->","yoast_head_json":{"title":"Colecci\u00f3n ESSENCE - Cajubrasil | ES","robots":{"index":"index","follow":"follow","max-snippet":"max-snippet:-1","max-image-preview":"max-image-preview:large","max-video-preview":"max-video-preview:-1"},"canonical":"http:\/\/cajubrasil.com\/es\/coleccion-essence\/","og_locale":"pt_BR","og_type":"article","og_title":"Colecci\u00f3n ESSENCE - Cajubrasil | ES","og_description":"Colecci\u00f3n essence trust your essence ACCESAR MATERIAL DE APOYO DE OTRAS COLECCIONES Essence 2020 Cat\u00e1logo Fotos Concepto Fotos Capa\/Estilo Fotos de Lookbook Fotos de Lookbook | E-Commerce Fotos Influencers Making of \/ Teasers Manuales CAJUBRASIL Curvy 2020 Logo Fotos Concepto Fotos de Lookbook Fotos Influencers Making of \/ Teasers Medidas","og_url":"http:\/\/cajubrasil.com\/es\/coleccion-essence\/","og_site_name":"Cajubrasil | ES","article_modified_time":"2020-01-10T12:24:46+00:00","twitter_card":"summary_large_image","schema":{"@context":"https:\/\/schema.org","@graph":[{"@type":"WebPage","@id":"http:\/\/cajubrasil.com\/es\/coleccion-essence\/","url":"http:\/\/cajubrasil.com\/es\/coleccion-essence\/","name":"Colecci\u00f3n ESSENCE - Cajubrasil | ES","isPartOf":{"@id":"http:\/\/cajubrasil.com\/es\/#website"},"datePublished":"2019-06-27T20:08:44+00:00","dateModified":"2020-01-10T12:24:46+00:00","breadcrumb":{"@id":"http:\/\/cajubrasil.com\/es\/coleccion-essence\/#breadcrumb"},"inLanguage":"pt-BR","potentialAction":[{"@type":"ReadAction","target":["http:\/\/cajubrasil.com\/es\/coleccion-essence\/"]}]},{"@type":"BreadcrumbList","@id":"http:\/\/cajubrasil.com\/es\/coleccion-essence\/#breadcrumb","itemListElement":[{"@type":"ListItem","position":1,"name":"In\u00edcio","item":"http:\/\/cajubrasil.com\/es\/"},{"@type":"ListItem","position":2,"name":"Colecci\u00f3n ESSENCE"}]},{"@type":"WebSite","@id":"http:\/\/cajubrasil.com\/es\/#website","url":"http:\/\/cajubrasil.com\/es\/","name":"Cajubrasil | ES","description":"La moda de fitness Cajubrasil est\u00e1 presente en m\u00e1s de 45 pa\u00edses productores de la mejor ropa de fitness.","publisher":{"@id":"http:\/\/cajubrasil.com\/es\/#organization"},"potentialAction":[{"@type":"SearchAction","target":{"@type":"EntryPoint","urlTemplate":"http:\/\/cajubrasil.com\/es\/?s={search_term_string}"},"query-input":{"@type":"PropertyValueSpecification","valueRequired":true,"valueName":"search_term_string"}}],"inLanguage":"pt-BR"},{"@type":"Organization","@id":"http:\/\/cajubrasil.com\/es\/#organization","name":"Cajubrasil | ES","url":"http:\/\/cajubrasil.com\/es\/","logo":{"@type":"ImageObject","inLanguage":"pt-BR","@id":"http:\/\/cajubrasil.com\/es\/#\/schema\/logo\/image\/","url":"https:\/\/cajubrasil.com\/es\/wp-content\/uploads\/sites\/4\/2023\/02\/cropped-logo-wordpress-4.png","contentUrl":"https:\/\/cajubrasil.com\/es\/wp-content\/uploads\/sites\/4\/2023\/02\/cropped-logo-wordpress-4.png","width":1023,"height":372,"caption":"Cajubrasil | ES"},"image":{"@id":"http:\/\/cajubrasil.com\/es\/#\/schema\/logo\/image\/"}}]}},"_links":{"self":[{"href":"https:\/\/cajubrasil.com\/es\/wp-json\/wp\/v2\/pages\/4277","targetHints":{"allow":["GET"]}}],"collection":[{"href":"https:\/\/cajubrasil.com\/es\/wp-json\/wp\/v2\/pages"}],"about":[{"href":"https:\/\/cajubrasil.com\/es\/wp-json\/wp\/v2\/types\/page"}],"author":[{"embeddable":true,"href":"https:\/\/cajubrasil.com\/es\/wp-json\/wp\/v2\/users\/1"}],"replies":[{"embeddable":true,"href":"https:\/\/cajubrasil.com\/es\/wp-json\/wp\/v2\/comments?post=4277"}],"version-history":[{"count":10,"href":"https:\/\/cajubrasil.com\/es\/wp-json\/wp\/v2\/pages\/4277\/revisions"}],"predecessor-version":[{"id":4430,"href":"https:\/\/cajubrasil.com\/es\/wp-json\/wp\/v2\/pages\/4277\/revisions\/4430"}],"wp:attachment":[{"href":"https:\/\/cajubrasil.com\/es\/wp-json\/wp\/v2\/media?parent=4277"}],"curies":[{"name":"wp","href":"https:\/\/api.w.org\/{rel}","templated":true}]}}