{"id":3431,"date":"2025-09-05T09:46:05","date_gmt":"2025-09-05T12:46:05","guid":{"rendered":"https:\/\/cajubrasil.com\/pt-br\/?page_id=3431"},"modified":"2025-10-15T15:40:40","modified_gmt":"2025-10-15T18:40:40","slug":"blog","status":"publish","type":"page","link":"https:\/\/cajubrasil.com\/pt-br\/blog\/","title":{"rendered":"Blog"},"content":{"rendered":"\t\t<div data-elementor-type=\"wp-page\" data-elementor-id=\"3431\" class=\"elementor elementor-3431\">\n\t\t\t\t\t\t<section class=\"elementor-section elementor-top-section elementor-element elementor-element-82d23ab elementor-section-boxed elementor-section-height-default elementor-section-height-default\" data-id=\"82d23ab\" data-element_type=\"section\" data-e-type=\"section\">\n\t\t\t\t\t\t<div class=\"elementor-container elementor-column-gap-default\">\n\t\t\t\t\t<div class=\"elementor-column elementor-col-100 elementor-top-column elementor-element elementor-element-816d89a\" data-id=\"816d89a\" data-element_type=\"column\" data-e-type=\"column\">\n\t\t\t<div class=\"elementor-widget-wrap elementor-element-populated\">\n\t\t\t\t\t\t<div class=\"elementor-element elementor-element-ae7dc96 elementor-widget__width-initial premium-title-color elementor-widget elementor-widget-premium-addon-title\" data-id=\"ae7dc96\" data-element_type=\"widget\" data-e-type=\"widget\" data-widget_type=\"premium-addon-title.default\">\n\t\t\t\t<div class=\"elementor-widget-container\">\n\t\t\t\t\t\r\n\t\t<div class=\"premium-title-container style1\">\r\n\t\t\t<h1 class=\"premium-title-header premium-title-style1\">\r\n\t\t\t\t\r\n\t\t\t\t\r\n\t\t\t\t\t\t\t\t\t\t\t\t<span class=\"premium-title-text\" >\r\n\t\t\t\t\tBlog\t\t\t\t<\/span>\r\n\t\t\t\t\t\r\n\t\t\t\t\t\t\t\t\t\t\t<\/h1>\r\n\t\t<\/div>\r\n\r\n\t\t\t\t\t\t<\/div>\n\t\t\t\t<\/div>\n\t\t\t\t<div class=\"elementor-element elementor-element-a324a37 elementor-widget__width-initial elementor-widget elementor-widget-spacer\" data-id=\"a324a37\" data-element_type=\"widget\" data-e-type=\"widget\" data-widget_type=\"spacer.default\">\n\t\t\t\t<div class=\"elementor-widget-container\">\n\t\t\t\t\t\t\t<div class=\"elementor-spacer\">\n\t\t\t<div class=\"elementor-spacer-inner\"><\/div>\n\t\t<\/div>\n\t\t\t\t\t\t<\/div>\n\t\t\t\t<\/div>\n\t\t\t\t<div class=\"elementor-element elementor-element-f92fe37 elementor-widget__width-initial elementor-search-form--skin-classic elementor-search-form--button-type-icon elementor-search-form--icon-search elementor-widget elementor-widget-search-form\" data-id=\"f92fe37\" data-element_type=\"widget\" data-e-type=\"widget\" data-settings=\"{&quot;skin&quot;:&quot;classic&quot;}\" data-widget_type=\"search-form.default\">\n\t\t\t\t<div class=\"elementor-widget-container\">\n\t\t\t\t\t\t\t<form class=\"elementor-search-form\" role=\"search\" action=\"https:\/\/cajubrasil.com\/pt-br\" method=\"get\">\n\t\t\t\t\t\t\t\t\t<div class=\"elementor-search-form__container\">\n\t\t\t\t\t\t\t\t<input placeholder=\"Pesquisar\" class=\"elementor-search-form__input\" type=\"search\" name=\"s\" title=\"Search\" value=\"\">\n\t\t\t\t\t\t\t\t\t\t\t\t\t<button class=\"elementor-search-form__submit\" type=\"submit\" title=\"Search\" aria-label=\"Search\">\n\t\t\t\t\t\t\t\t\t\t\t\t\t<i aria-hidden=\"true\" class=\"fas fa-search\"><\/i>\t\t\t\t\t\t\t<span class=\"elementor-screen-only\">Search<\/span>\n\t\t\t\t\t\t\t\t\t\t\t<\/button>\n\t\t\t\t\t\t\t\t\t\t\t<\/div>\n\t\t<\/form>\n\t\t\t\t\t\t<\/div>\n\t\t\t\t<\/div>\n\t\t\t\t<div class=\"elementor-element elementor-element-7ee8e43 elementor-widget__width-initial elementor-widget elementor-widget-spacer\" data-id=\"7ee8e43\" data-element_type=\"widget\" data-e-type=\"widget\" data-widget_type=\"spacer.default\">\n\t\t\t\t<div class=\"elementor-widget-container\">\n\t\t\t\t\t\t\t<div class=\"elementor-spacer\">\n\t\t\t<div class=\"elementor-spacer-inner\"><\/div>\n\t\t<\/div>\n\t\t\t\t\t\t<\/div>\n\t\t\t\t<\/div>\n\t\t\t\t<section class=\"elementor-section elementor-inner-section elementor-element elementor-element-ff85520 elementor-section-boxed elementor-section-height-default elementor-section-height-default\" data-id=\"ff85520\" data-element_type=\"section\" data-e-type=\"section\">\n\t\t\t\t\t\t<div class=\"elementor-container elementor-column-gap-default\">\n\t\t\t\t\t<div class=\"elementor-column elementor-col-50 elementor-inner-column elementor-element elementor-element-5dc6cfb\" data-id=\"5dc6cfb\" data-element_type=\"column\" data-e-type=\"column\">\n\t\t\t<div class=\"elementor-widget-wrap elementor-element-populated\">\n\t\t\t\t\t\t<div class=\"elementor-element elementor-element-8ccf63a premium-blog-align-left elementor-widget elementor-widget-premium-addon-blog\" data-id=\"8ccf63a\" data-element_type=\"widget\" data-e-type=\"widget\" data-settings=\"{&quot;premium_blog_columns_number&quot;:&quot;100%&quot;,&quot;premium_blog_grid&quot;:&quot;yes&quot;,&quot;premium_blog_layout&quot;:&quot;even&quot;,&quot;premium_blog_columns_number_tablet&quot;:&quot;50%&quot;,&quot;premium_blog_columns_number_mobile&quot;:&quot;100%&quot;}\" data-widget_type=\"premium-addon-blog.default\">\n\t\t\t\t<div class=\"elementor-widget-container\">\n\t\t\t\t\t\r\n\t\t\t\t<div class=\"premium-blog-wrap  premium-blog-even\" data-page=\"3431\">\r\n\t\t\t\t\t<div class=\"premium-blog-post-outer-container\" data-total=\"1\">\r\n\t\t\t<div class=\"premium-blog-post-container premium-blog-skin-side\">\r\n\t\t\t\t\t\t\t\t\t<div class=\"premium-blog-thumb-effect-wrapper\">\r\n\t\t\t\t\t\t<div class=\"premium-blog-thumbnail-container premium-blog-zoomin-effect\">\r\n\t\t\t\t\t\t\t<img fetchpriority=\"high\" decoding=\"async\" width=\"768\" height=\"513\" src=\"https:\/\/cajubrasil.com\/pt-br\/wp-content\/uploads\/sites\/5\/2017\/07\/clientes-vip.jpg\" class=\"attachment-full size-full wp-image-3609\" alt=\"\" srcset=\"https:\/\/cajubrasil.com\/pt-br\/wp-content\/uploads\/sites\/5\/2017\/07\/clientes-vip.jpg 768w, https:\/\/cajubrasil.com\/pt-br\/wp-content\/uploads\/sites\/5\/2017\/07\/clientes-vip-300x200.jpg 300w\" sizes=\"(max-width: 768px) 100vw, 768px\" \/>\t\t\t\t\t\t<\/div>\r\n\t\t\t\t\t\t\t\t\t\t\t\t\t<div class=\"premium-blog-thumbnail-overlay\">\r\n\t\t\t\t\t\t\t\t<a class=\"elementor-icon\" href=\"https:\/\/cajubrasil.com\/pt-br\/blog\/clientes-vip\/\" target=\"_self\"><\/a>\r\n\t\t\t\t\t\t\t<\/div>\r\n\r\n\t\t\t\t\t\t\t\t\t\t\t\t\t\t\t\t\t\t<\/div>\r\n\t\t\t\t\t\t\t\t\t\t\t\t<div class=\"premium-blog-content-wrapper \">\r\n\r\n\t\t\t\t\t<div class=\"premium-blog-inner-container\">\r\n\r\n\t\t\t\t\t\t\t\t\t\t\t\t\t<div class=\"premium-blog-cats-container\">\r\n\t\t\t\t\t\t\t\t<ul class=\"post-categories\">\r\n\t\t\t\t\t\t\t\t\t<li><a href=\"https:\/\/cajubrasil.com\/pt-br\/blog\/category\/marketing\/\" class=\"elementor-repeater-item-a66e495\">Marketing<\/a><\/li>\t\t\t\t\t\t\t\t<\/ul>\r\n\t\t\t\t\t\t\t<\/div>\r\n\t\t\t\t\t\t\t\t\t\t\t\t\t\t<h2 class=\"premium-blog-entry-title\">\r\n\t\t\t<a href=\"https:\/\/cajubrasil.com\/pt-br\/blog\/clientes-vip\/\" target=\"_self\">\r\n\t\t\t\tClientes VIPs: criando conex\u00f5es reais com eventos e experi\u00eancias exclusivas\t\t\t<\/a>\r\n\t\t<\/h2>\r\n\t\t\t\t<div class=\"premium-blog-entry-meta\">\r\n\t\t\t\r\n\t\t\t\t\t\t\t<span class=\"premium-blog-meta-separator\">\u2022<\/span>\r\n\t\t\t\t<div class=\"premium-blog-post-time premium-blog-meta-data\">\r\n\t\t\t\t\t<i class=\"fa fa-calendar-alt\" aria-hidden=\"true\"><\/i>\r\n\t\t\t\t\t<span>9 de outubro de 2025<\/span>\r\n\t\t\t\t<\/div>\r\n\t\t\t\r\n\t\t\t\r\n\t\t\t\t\t\t\t<span class=\"premium-blog-meta-separator\">\u2022<\/span>\r\n\t\t\t\t<div class=\"premium-blog-post-comments premium-blog-meta-data\">\r\n\t\t\t\t\t<i class=\"fa fa-comments-o fa-fw\" aria-hidden=\"true\"><\/i>\r\n\t\t\t\t\t<a href=\"https:\/\/cajubrasil.com\/pt-br\/blog\/clientes-vip\/#comments\">1 Comment<\/a>\t\t\t\t<\/div>\r\n\t\t\t\t\t<\/div>\r\n\t\t\r\n\t\t\t\t\t<\/div>\r\n\r\n\t\t\t\t\t\t\t<div class=\"premium-blog-content-inner-wrapper\">\r\n\t\t<p class=\"premium-blog-post-content\">A linha de uniforme operacional atende a confec\u00e7\u00e3o de pe\u00e7as para voc\u00ea trabalhar com seguran\u00e7a, dentro dos\u00a0crit\u00e9rios de EPI.<\/p>\t\t<\/div>\r\n\t\t\t\t\t\t\t\r\n\t\t\t\t<\/div>\r\n\t\t\t<\/div>\r\n\t\t<\/div>\r\n\r\n\t\t\t\t<div class=\"premium-blog-post-outer-container\" data-total=\"1\">\r\n\t\t\t<div class=\"premium-blog-post-container premium-blog-skin-side\">\r\n\t\t\t\t\t\t\t\t\t<div class=\"premium-blog-thumb-effect-wrapper\">\r\n\t\t\t\t\t\t<div class=\"premium-blog-thumbnail-container premium-blog-zoomin-effect\">\r\n\t\t\t\t\t\t\t<img decoding=\"async\" width=\"1500\" height=\"1001\" src=\"https:\/\/cajubrasil.com\/pt-br\/wp-content\/uploads\/sites\/5\/2025\/10\/franquia-de-roupas-fitness-ou-revenda.jpg\" class=\"attachment-full size-full wp-image-3669\" alt=\"\" srcset=\"https:\/\/cajubrasil.com\/pt-br\/wp-content\/uploads\/sites\/5\/2025\/10\/franquia-de-roupas-fitness-ou-revenda.jpg 1500w, https:\/\/cajubrasil.com\/pt-br\/wp-content\/uploads\/sites\/5\/2025\/10\/franquia-de-roupas-fitness-ou-revenda-300x200.jpg 300w, https:\/\/cajubrasil.com\/pt-br\/wp-content\/uploads\/sites\/5\/2025\/10\/franquia-de-roupas-fitness-ou-revenda-1024x683.jpg 1024w, https:\/\/cajubrasil.com\/pt-br\/wp-content\/uploads\/sites\/5\/2025\/10\/franquia-de-roupas-fitness-ou-revenda-768x513.jpg 768w\" sizes=\"(max-width: 1500px) 100vw, 1500px\" \/>\t\t\t\t\t\t<\/div>\r\n\t\t\t\t\t\t\t\t\t\t\t\t\t<div class=\"premium-blog-thumbnail-overlay\">\r\n\t\t\t\t\t\t\t\t<a class=\"elementor-icon\" href=\"https:\/\/cajubrasil.com\/pt-br\/blog\/franquia-de-roupas-fitness-ou-revenda\/\" target=\"_self\"><\/a>\r\n\t\t\t\t\t\t\t<\/div>\r\n\r\n\t\t\t\t\t\t\t\t\t\t\t\t\t\t\t\t\t\t<\/div>\r\n\t\t\t\t\t\t\t\t\t\t\t\t<div class=\"premium-blog-content-wrapper \">\r\n\r\n\t\t\t\t\t<div class=\"premium-blog-inner-container\">\r\n\r\n\t\t\t\t\t\t\t\t\t\t\t\t\t<div class=\"premium-blog-cats-container\">\r\n\t\t\t\t\t\t\t\t<ul class=\"post-categories\">\r\n\t\t\t\t\t\t\t\t\t<li><a href=\"https:\/\/cajubrasil.com\/pt-br\/blog\/category\/mercado\/\" class=\"elementor-repeater-item-a66e495\">Mercado<\/a><\/li><li><a href=\"https:\/\/cajubrasil.com\/pt-br\/blog\/category\/revenda\/\" class=\"\">Revenda<\/a><\/li>\t\t\t\t\t\t\t\t<\/ul>\r\n\t\t\t\t\t\t\t<\/div>\r\n\t\t\t\t\t\t\t\t\t\t\t\t\t\t<h2 class=\"premium-blog-entry-title\">\r\n\t\t\t<a href=\"https:\/\/cajubrasil.com\/pt-br\/blog\/franquia-de-roupas-fitness-ou-revenda\/\" target=\"_self\">\r\n\t\t\t\tFranquia de roupas fitness ou revenda? Qual a melhor op\u00e7\u00e3o para o seu neg\u00f3cio?\t\t\t<\/a>\r\n\t\t<\/h2>\r\n\t\t\t\t<div class=\"premium-blog-entry-meta\">\r\n\t\t\t\r\n\t\t\t\t\t\t\t<span class=\"premium-blog-meta-separator\">\u2022<\/span>\r\n\t\t\t\t<div class=\"premium-blog-post-time premium-blog-meta-data\">\r\n\t\t\t\t\t<i class=\"fa fa-calendar-alt\" aria-hidden=\"true\"><\/i>\r\n\t\t\t\t\t<span>8 de outubro de 2025<\/span>\r\n\t\t\t\t<\/div>\r\n\t\t\t\r\n\t\t\t\r\n\t\t\t\t\t\t\t<span class=\"premium-blog-meta-separator\">\u2022<\/span>\r\n\t\t\t\t<div class=\"premium-blog-post-comments premium-blog-meta-data\">\r\n\t\t\t\t\t<i class=\"fa fa-comments-o fa-fw\" aria-hidden=\"true\"><\/i>\r\n\t\t\t\t\t<a href=\"https:\/\/cajubrasil.com\/pt-br\/blog\/franquia-de-roupas-fitness-ou-revenda\/#respond\">No Comments<\/a>\t\t\t\t<\/div>\r\n\t\t\t\t\t<\/div>\r\n\t\t\r\n\t\t\t\t\t<\/div>\r\n\r\n\t\t\t\t\t\t\t<div class=\"premium-blog-content-inner-wrapper\">\r\n\t\t<p class=\"premium-blog-post-content\">Descubra se vale a pena investir em uma franquia de roupas fitness ou revenda. Compare vantagens, custos e escolha o melhor para seu neg\u00f3cio!<\/p>\t\t<\/div>\r\n\t\t\t\t\t\t\t\r\n\t\t\t\t<\/div>\r\n\t\t\t<\/div>\r\n\t\t<\/div>\r\n\r\n\t\t\t\t<div class=\"premium-blog-post-outer-container\" data-total=\"1\">\r\n\t\t\t<div class=\"premium-blog-post-container premium-blog-skin-side\">\r\n\t\t\t\t\t\t\t\t\t<div class=\"premium-blog-thumb-effect-wrapper\">\r\n\t\t\t\t\t\t<div class=\"premium-blog-thumbnail-container premium-blog-zoomin-effect\">\r\n\t\t\t\t\t\t\t<img decoding=\"async\" width=\"1500\" height=\"1000\" src=\"https:\/\/cajubrasil.com\/pt-br\/wp-content\/uploads\/sites\/5\/2025\/10\/como-criar-um-site-de-vendas-fitness.jpg\" class=\"attachment-full size-full wp-image-3671\" alt=\"\" srcset=\"https:\/\/cajubrasil.com\/pt-br\/wp-content\/uploads\/sites\/5\/2025\/10\/como-criar-um-site-de-vendas-fitness.jpg 1500w, https:\/\/cajubrasil.com\/pt-br\/wp-content\/uploads\/sites\/5\/2025\/10\/como-criar-um-site-de-vendas-fitness-300x200.jpg 300w, https:\/\/cajubrasil.com\/pt-br\/wp-content\/uploads\/sites\/5\/2025\/10\/como-criar-um-site-de-vendas-fitness-1024x683.jpg 1024w, https:\/\/cajubrasil.com\/pt-br\/wp-content\/uploads\/sites\/5\/2025\/10\/como-criar-um-site-de-vendas-fitness-768x512.jpg 768w\" sizes=\"(max-width: 1500px) 100vw, 1500px\" \/>\t\t\t\t\t\t<\/div>\r\n\t\t\t\t\t\t\t\t\t\t\t\t\t<div class=\"premium-blog-thumbnail-overlay\">\r\n\t\t\t\t\t\t\t\t<a class=\"elementor-icon\" href=\"https:\/\/cajubrasil.com\/pt-br\/blog\/como-criar-um-site-de-vendas-fitness\/\" target=\"_self\"><\/a>\r\n\t\t\t\t\t\t\t<\/div>\r\n\r\n\t\t\t\t\t\t\t\t\t\t\t\t\t\t\t\t\t\t<\/div>\r\n\t\t\t\t\t\t\t\t\t\t\t\t<div class=\"premium-blog-content-wrapper \">\r\n\r\n\t\t\t\t\t<div class=\"premium-blog-inner-container\">\r\n\r\n\t\t\t\t\t\t\t\t\t\t\t\t\t<div class=\"premium-blog-cats-container\">\r\n\t\t\t\t\t\t\t\t<ul class=\"post-categories\">\r\n\t\t\t\t\t\t\t\t\t<li><a href=\"https:\/\/cajubrasil.com\/pt-br\/blog\/category\/marketing\/\" class=\"elementor-repeater-item-a66e495\">Marketing<\/a><\/li>\t\t\t\t\t\t\t\t<\/ul>\r\n\t\t\t\t\t\t\t<\/div>\r\n\t\t\t\t\t\t\t\t\t\t\t\t\t\t<h2 class=\"premium-blog-entry-title\">\r\n\t\t\t<a href=\"https:\/\/cajubrasil.com\/pt-br\/blog\/como-criar-um-site-de-vendas-fitness\/\" target=\"_self\">\r\n\t\t\t\t12 dicas de como criar um site de vendas para sua loja fitness\t\t\t<\/a>\r\n\t\t<\/h2>\r\n\t\t\t\t<div class=\"premium-blog-entry-meta\">\r\n\t\t\t\r\n\t\t\t\t\t\t\t<span class=\"premium-blog-meta-separator\">\u2022<\/span>\r\n\t\t\t\t<div class=\"premium-blog-post-time premium-blog-meta-data\">\r\n\t\t\t\t\t<i class=\"fa fa-calendar-alt\" aria-hidden=\"true\"><\/i>\r\n\t\t\t\t\t<span>8 de outubro de 2025<\/span>\r\n\t\t\t\t<\/div>\r\n\t\t\t\r\n\t\t\t\r\n\t\t\t\t\t\t\t<span class=\"premium-blog-meta-separator\">\u2022<\/span>\r\n\t\t\t\t<div class=\"premium-blog-post-comments premium-blog-meta-data\">\r\n\t\t\t\t\t<i class=\"fa fa-comments-o fa-fw\" aria-hidden=\"true\"><\/i>\r\n\t\t\t\t\t<a href=\"https:\/\/cajubrasil.com\/pt-br\/blog\/como-criar-um-site-de-vendas-fitness\/#respond\">No Comments<\/a>\t\t\t\t<\/div>\r\n\t\t\t\t\t<\/div>\r\n\t\t\r\n\t\t\t\t\t<\/div>\r\n\r\n\t\t\t\t\t\t\t<div class=\"premium-blog-content-inner-wrapper\">\r\n\t\t<p class=\"premium-blog-post-content\">Quer saber como criar um site de vendas para sua loja fitness? Veja 12 dicas para montar sua loja virtual, atrair clientes e vender mais!<\/p>\t\t<\/div>\r\n\t\t\t\t\t\t\t\r\n\t\t\t\t<\/div>\r\n\t\t\t<\/div>\r\n\t\t<\/div>\r\n\r\n\t\t\t\t<\/div>\r\n\r\n\t\t\t\t\t\t<\/div>\n\t\t\t\t<\/div>\n\t\t\t\t\t<\/div>\n\t\t<\/div>\n\t\t\t\t<div class=\"elementor-column elementor-col-50 elementor-inner-column elementor-element elementor-element-550f209\" data-id=\"550f209\" data-element_type=\"column\" data-e-type=\"column\">\n\t\t\t<div class=\"elementor-widget-wrap elementor-element-populated\">\n\t\t\t\t\t\t<div class=\"elementor-element elementor-element-d12c80b elementor-widget elementor-widget-heading\" data-id=\"d12c80b\" data-element_type=\"widget\" data-e-type=\"widget\" data-widget_type=\"heading.default\">\n\t\t\t\t<div class=\"elementor-widget-container\">\n\t\t\t\t\t<h2 class=\"elementor-heading-title elementor-size-default\">Redes Sociais<\/h2>\t\t\t\t<\/div>\n\t\t\t\t<\/div>\n\t\t\t\t<div class=\"elementor-element elementor-element-1332a93 e-grid-align-left elementor-shape-rounded elementor-grid-0 elementor-widget elementor-widget-social-icons\" data-id=\"1332a93\" data-element_type=\"widget\" data-e-type=\"widget\" data-widget_type=\"social-icons.default\">\n\t\t\t\t<div class=\"elementor-widget-container\">\n\t\t\t\t\t\t\t<div class=\"elementor-social-icons-wrapper elementor-grid\" role=\"list\">\n\t\t\t\t\t\t\t<span class=\"elementor-grid-item\" role=\"listitem\">\n\t\t\t\t\t<a class=\"elementor-icon elementor-social-icon elementor-social-icon-facebook elementor-repeater-item-b97edf7\" target=\"_blank\">\n\t\t\t\t\t\t<span class=\"elementor-screen-only\">Facebook<\/span>\n\t\t\t\t\t\t<i aria-hidden=\"true\" class=\"fab fa-facebook\"><\/i>\t\t\t\t\t<\/a>\n\t\t\t\t<\/span>\n\t\t\t\t\t\t\t<span class=\"elementor-grid-item\" role=\"listitem\">\n\t\t\t\t\t<a class=\"elementor-icon elementor-social-icon elementor-social-icon-twitter elementor-repeater-item-7f661ba\" target=\"_blank\">\n\t\t\t\t\t\t<span class=\"elementor-screen-only\">Twitter<\/span>\n\t\t\t\t\t\t<i aria-hidden=\"true\" class=\"fab fa-twitter\"><\/i>\t\t\t\t\t<\/a>\n\t\t\t\t<\/span>\n\t\t\t\t\t\t\t<span class=\"elementor-grid-item\" role=\"listitem\">\n\t\t\t\t\t<a class=\"elementor-icon elementor-social-icon elementor-social-icon-youtube elementor-repeater-item-e2221a4\" target=\"_blank\">\n\t\t\t\t\t\t<span class=\"elementor-screen-only\">Youtube<\/span>\n\t\t\t\t\t\t<i aria-hidden=\"true\" class=\"fab fa-youtube\"><\/i>\t\t\t\t\t<\/a>\n\t\t\t\t<\/span>\n\t\t\t\t\t<\/div>\n\t\t\t\t\t\t<\/div>\n\t\t\t\t<\/div>\n\t\t\t\t\t<\/div>\n\t\t<\/div>\n\t\t\t\t\t<\/div>\n\t\t<\/section>\n\t\t\t\t<div class=\"elementor-element elementor-element-667a670 elementor-widget elementor-widget-spacer\" data-id=\"667a670\" data-element_type=\"widget\" data-e-type=\"widget\" data-widget_type=\"spacer.default\">\n\t\t\t\t<div class=\"elementor-widget-container\">\n\t\t\t\t\t\t\t<div class=\"elementor-spacer\">\n\t\t\t<div class=\"elementor-spacer-inner\"><\/div>\n\t\t<\/div>\n\t\t\t\t\t\t<\/div>\n\t\t\t\t<\/div>\n\t\t\t\t\t<\/div>\n\t\t<\/div>\n\t\t\t\t\t<\/div>\n\t\t<\/section>\n\t\t\t\t<\/div>\n\t\t","protected":false},"excerpt":{"rendered":"<p>Blog Marketing Clientes VIPs: criando conex\u00f5es reais com eventos e experi\u00eancias exclusivas \u2022 9 de outubro de 2025 \u2022 1 Comment A linha de uniforme operacional atende a confec\u00e7\u00e3o de pe\u00e7as para voc\u00ea trabalhar com seguran\u00e7a, dentro dos\u00a0crit\u00e9rios de EPI. Mercado Revenda Franquia de roupas fitness ou revenda? Qual a melhor op\u00e7\u00e3o para o seu [&hellip;]<\/p>\n","protected":false},"author":1,"featured_media":0,"parent":0,"menu_order":0,"comment_status":"closed","ping_status":"closed","template":"","meta":{"footnotes":""},"class_list":["post-3431","page","type-page","status-publish","hentry"],"yoast_head":"<!-- This site is optimized with the Yoast SEO plugin v25.8 - https:\/\/yoast.com\/wordpress\/plugins\/seo\/ -->\n<title>Blog - Cajubrasil | BR<\/title>\n<meta name=\"robots\" content=\"index, follow, max-snippet:-1, max-image-preview:large, max-video-preview:-1\" \/>\n<link rel=\"canonical\" href=\"https:\/\/cajubrasil.com\/pt-br\/blog\/\" \/>\n<meta property=\"og:locale\" content=\"pt_BR\" \/>\n<meta property=\"og:type\" content=\"article\" \/>\n<meta property=\"og:title\" content=\"Blog - Cajubrasil | BR\" \/>\n<meta property=\"og:description\" content=\"Blog Marketing Clientes VIPs: criando conex\u00f5es reais com eventos e experi\u00eancias exclusivas \u2022 9 de outubro de 2025 \u2022 1 Comment A linha de uniforme operacional atende a confec\u00e7\u00e3o de pe\u00e7as para voc\u00ea trabalhar com seguran\u00e7a, dentro dos\u00a0crit\u00e9rios de EPI. Mercado Revenda Franquia de roupas fitness ou revenda? Qual a melhor op\u00e7\u00e3o para o seu [&hellip;]\" \/>\n<meta property=\"og:url\" content=\"https:\/\/cajubrasil.com\/pt-br\/blog\/\" \/>\n<meta property=\"og:site_name\" content=\"Cajubrasil | BR\" \/>\n<meta property=\"article:modified_time\" content=\"2025-10-15T18:40:40+00:00\" \/>\n<meta property=\"og:image\" content=\"http:\/\/cajubrasil.com\/pt-br\/wp-content\/uploads\/sites\/5\/2017\/07\/clientes-vip.jpg\" \/>\n<meta name=\"twitter:card\" content=\"summary_large_image\" \/>\n<meta name=\"twitter:label1\" content=\"Est. tempo de leitura\" \/>\n\t<meta name=\"twitter:data1\" content=\"2 minutos\" \/>\n<script type=\"application\/ld+json\" class=\"yoast-schema-graph\">{\"@context\":\"https:\/\/schema.org\",\"@graph\":[{\"@type\":\"WebPage\",\"@id\":\"https:\/\/cajubrasil.com\/pt-br\/blog\/\",\"url\":\"https:\/\/cajubrasil.com\/pt-br\/blog\/\",\"name\":\"Blog - Cajubrasil | BR\",\"isPartOf\":{\"@id\":\"https:\/\/cajubrasil.com\/pt-br\/#website\"},\"primaryImageOfPage\":{\"@id\":\"https:\/\/cajubrasil.com\/pt-br\/blog\/#primaryimage\"},\"image\":{\"@id\":\"https:\/\/cajubrasil.com\/pt-br\/blog\/#primaryimage\"},\"thumbnailUrl\":\"http:\/\/cajubrasil.com\/pt-br\/wp-content\/uploads\/sites\/5\/2017\/07\/clientes-vip.jpg\",\"datePublished\":\"2025-09-05T12:46:05+00:00\",\"dateModified\":\"2025-10-15T18:40:40+00:00\",\"breadcrumb\":{\"@id\":\"https:\/\/cajubrasil.com\/pt-br\/blog\/#breadcrumb\"},\"inLanguage\":\"pt-BR\",\"potentialAction\":[{\"@type\":\"ReadAction\",\"target\":[\"https:\/\/cajubrasil.com\/pt-br\/blog\/\"]}]},{\"@type\":\"ImageObject\",\"inLanguage\":\"pt-BR\",\"@id\":\"https:\/\/cajubrasil.com\/pt-br\/blog\/#primaryimage\",\"url\":\"https:\/\/cajubrasil.com\/pt-br\/wp-content\/uploads\/sites\/5\/2017\/07\/clientes-vip.jpg\",\"contentUrl\":\"https:\/\/cajubrasil.com\/pt-br\/wp-content\/uploads\/sites\/5\/2017\/07\/clientes-vip.jpg\",\"width\":768,\"height\":513},{\"@type\":\"BreadcrumbList\",\"@id\":\"https:\/\/cajubrasil.com\/pt-br\/blog\/#breadcrumb\",\"itemListElement\":[{\"@type\":\"ListItem\",\"position\":1,\"name\":\"Home\",\"item\":\"https:\/\/cajubrasil.com\/pt-br\/\"},{\"@type\":\"ListItem\",\"position\":2,\"name\":\"Blog\"}]},{\"@type\":\"WebSite\",\"@id\":\"https:\/\/cajubrasil.com\/pt-br\/#website\",\"url\":\"https:\/\/cajubrasil.com\/pt-br\/\",\"name\":\"Cajubrasil | BR\",\"description\":\"Moda Fashion Fitness\",\"publisher\":{\"@id\":\"https:\/\/cajubrasil.com\/pt-br\/#organization\"},\"potentialAction\":[{\"@type\":\"SearchAction\",\"target\":{\"@type\":\"EntryPoint\",\"urlTemplate\":\"https:\/\/cajubrasil.com\/pt-br\/?s={search_term_string}\"},\"query-input\":{\"@type\":\"PropertyValueSpecification\",\"valueRequired\":true,\"valueName\":\"search_term_string\"}}],\"inLanguage\":\"pt-BR\"},{\"@type\":\"Organization\",\"@id\":\"https:\/\/cajubrasil.com\/pt-br\/#organization\",\"name\":\"Cajubrasil | BR\",\"url\":\"https:\/\/cajubrasil.com\/pt-br\/\",\"logo\":{\"@type\":\"ImageObject\",\"inLanguage\":\"pt-BR\",\"@id\":\"https:\/\/cajubrasil.com\/pt-br\/#\/schema\/logo\/image\/\",\"url\":\"https:\/\/cajubrasil.com\/pt-br\/wp-content\/uploads\/sites\/5\/2023\/02\/cropped-logo-wordpress-4.png\",\"contentUrl\":\"https:\/\/cajubrasil.com\/pt-br\/wp-content\/uploads\/sites\/5\/2023\/02\/cropped-logo-wordpress-4.png\",\"width\":1023,\"height\":372,\"caption\":\"Cajubrasil | BR\"},\"image\":{\"@id\":\"https:\/\/cajubrasil.com\/pt-br\/#\/schema\/logo\/image\/\"}}]}<\/script>\n<!-- \/ Yoast SEO plugin. -->","yoast_head_json":{"title":"Blog - Cajubrasil | BR","robots":{"index":"index","follow":"follow","max-snippet":"max-snippet:-1","max-image-preview":"max-image-preview:large","max-video-preview":"max-video-preview:-1"},"canonical":"https:\/\/cajubrasil.com\/pt-br\/blog\/","og_locale":"pt_BR","og_type":"article","og_title":"Blog - Cajubrasil | BR","og_description":"Blog Marketing Clientes VIPs: criando conex\u00f5es reais com eventos e experi\u00eancias exclusivas \u2022 9 de outubro de 2025 \u2022 1 Comment A linha de uniforme operacional atende a confec\u00e7\u00e3o de pe\u00e7as para voc\u00ea trabalhar com seguran\u00e7a, dentro dos\u00a0crit\u00e9rios de EPI. Mercado Revenda Franquia de roupas fitness ou revenda? Qual a melhor op\u00e7\u00e3o para o seu [&hellip;]","og_url":"https:\/\/cajubrasil.com\/pt-br\/blog\/","og_site_name":"Cajubrasil | BR","article_modified_time":"2025-10-15T18:40:40+00:00","og_image":[{"url":"http:\/\/cajubrasil.com\/pt-br\/wp-content\/uploads\/sites\/5\/2017\/07\/clientes-vip.jpg","type":"","width":"","height":""}],"twitter_card":"summary_large_image","twitter_misc":{"Est. tempo de leitura":"2 minutos"},"schema":{"@context":"https:\/\/schema.org","@graph":[{"@type":"WebPage","@id":"https:\/\/cajubrasil.com\/pt-br\/blog\/","url":"https:\/\/cajubrasil.com\/pt-br\/blog\/","name":"Blog - Cajubrasil | BR","isPartOf":{"@id":"https:\/\/cajubrasil.com\/pt-br\/#website"},"primaryImageOfPage":{"@id":"https:\/\/cajubrasil.com\/pt-br\/blog\/#primaryimage"},"image":{"@id":"https:\/\/cajubrasil.com\/pt-br\/blog\/#primaryimage"},"thumbnailUrl":"http:\/\/cajubrasil.com\/pt-br\/wp-content\/uploads\/sites\/5\/2017\/07\/clientes-vip.jpg","datePublished":"2025-09-05T12:46:05+00:00","dateModified":"2025-10-15T18:40:40+00:00","breadcrumb":{"@id":"https:\/\/cajubrasil.com\/pt-br\/blog\/#breadcrumb"},"inLanguage":"pt-BR","potentialAction":[{"@type":"ReadAction","target":["https:\/\/cajubrasil.com\/pt-br\/blog\/"]}]},{"@type":"ImageObject","inLanguage":"pt-BR","@id":"https:\/\/cajubrasil.com\/pt-br\/blog\/#primaryimage","url":"https:\/\/cajubrasil.com\/pt-br\/wp-content\/uploads\/sites\/5\/2017\/07\/clientes-vip.jpg","contentUrl":"https:\/\/cajubrasil.com\/pt-br\/wp-content\/uploads\/sites\/5\/2017\/07\/clientes-vip.jpg","width":768,"height":513},{"@type":"BreadcrumbList","@id":"https:\/\/cajubrasil.com\/pt-br\/blog\/#breadcrumb","itemListElement":[{"@type":"ListItem","position":1,"name":"Home","item":"https:\/\/cajubrasil.com\/pt-br\/"},{"@type":"ListItem","position":2,"name":"Blog"}]},{"@type":"WebSite","@id":"https:\/\/cajubrasil.com\/pt-br\/#website","url":"https:\/\/cajubrasil.com\/pt-br\/","name":"Cajubrasil | BR","description":"Moda Fashion Fitness","publisher":{"@id":"https:\/\/cajubrasil.com\/pt-br\/#organization"},"potentialAction":[{"@type":"SearchAction","target":{"@type":"EntryPoint","urlTemplate":"https:\/\/cajubrasil.com\/pt-br\/?s={search_term_string}"},"query-input":{"@type":"PropertyValueSpecification","valueRequired":true,"valueName":"search_term_string"}}],"inLanguage":"pt-BR"},{"@type":"Organization","@id":"https:\/\/cajubrasil.com\/pt-br\/#organization","name":"Cajubrasil | BR","url":"https:\/\/cajubrasil.com\/pt-br\/","logo":{"@type":"ImageObject","inLanguage":"pt-BR","@id":"https:\/\/cajubrasil.com\/pt-br\/#\/schema\/logo\/image\/","url":"https:\/\/cajubrasil.com\/pt-br\/wp-content\/uploads\/sites\/5\/2023\/02\/cropped-logo-wordpress-4.png","contentUrl":"https:\/\/cajubrasil.com\/pt-br\/wp-content\/uploads\/sites\/5\/2023\/02\/cropped-logo-wordpress-4.png","width":1023,"height":372,"caption":"Cajubrasil | BR"},"image":{"@id":"https:\/\/cajubrasil.com\/pt-br\/#\/schema\/logo\/image\/"}}]}},"_links":{"self":[{"href":"https:\/\/cajubrasil.com\/pt-br\/wp-json\/wp\/v2\/pages\/3431","targetHints":{"allow":["GET"]}}],"collection":[{"href":"https:\/\/cajubrasil.com\/pt-br\/wp-json\/wp\/v2\/pages"}],"about":[{"href":"https:\/\/cajubrasil.com\/pt-br\/wp-json\/wp\/v2\/types\/page"}],"author":[{"embeddable":true,"href":"https:\/\/cajubrasil.com\/pt-br\/wp-json\/wp\/v2\/users\/1"}],"replies":[{"embeddable":true,"href":"https:\/\/cajubrasil.com\/pt-br\/wp-json\/wp\/v2\/comments?post=3431"}],"version-history":[{"count":53,"href":"https:\/\/cajubrasil.com\/pt-br\/wp-json\/wp\/v2\/pages\/3431\/revisions"}],"predecessor-version":[{"id":3758,"href":"https:\/\/cajubrasil.com\/pt-br\/wp-json\/wp\/v2\/pages\/3431\/revisions\/3758"}],"wp:attachment":[{"href":"https:\/\/cajubrasil.com\/pt-br\/wp-json\/wp\/v2\/media?parent=3431"}],"curies":[{"name":"wp","href":"https:\/\/api.w.org\/{rel}","templated":true}]}}