{"id":3868,"date":"2026-03-10T15:06:15","date_gmt":"2026-03-10T18:06:15","guid":{"rendered":"https:\/\/cajubrasil.com\/pt-br\/?page_id=3868"},"modified":"2026-03-16T09:20:36","modified_gmt":"2026-03-16T12:20:36","slug":"colecao-proposito-drop-2","status":"publish","type":"page","link":"https:\/\/cajubrasil.com\/pt-br\/colecao-proposito-drop-2\/","title":{"rendered":"Cole\u00e7\u00e3o Prop\u00f3sito Drop 2"},"content":{"rendered":"\t\t<div data-elementor-type=\"wp-post\" data-elementor-id=\"3868\" class=\"elementor elementor-3868\">\n\t\t\t\t\t\t<section class=\"elementor-section elementor-top-section elementor-element elementor-element-tmvbjlx elementor-section-full_width elementor-section-height-default elementor-section-height-default\" data-id=\"tmvbjlx\" data-element_type=\"section\" data-e-type=\"section\" data-settings=\"{&quot;background_background&quot;:&quot;classic&quot;}\">\n\t\t\t\t\t\t\t<div class=\"elementor-background-overlay\"><\/div>\n\t\t\t\t\t\t\t<div class=\"elementor-container elementor-column-gap-default\">\n\t\t\t\t\t<div class=\"elementor-column elementor-col-100 elementor-top-column elementor-element elementor-element-qrkeont\" data-id=\"qrkeont\" data-element_type=\"column\" data-e-type=\"column\">\n\t\t\t<div class=\"elementor-widget-wrap elementor-element-populated\">\n\t\t\t\t\t\t<div class=\"elementor-element elementor-element-cy7jvfw elementor-align-center elementor-widget elementor-widget-button\" data-id=\"cy7jvfw\" data-element_type=\"widget\" data-e-type=\"widget\" data-widget_type=\"button.default\">\n\t\t\t\t<div class=\"elementor-widget-container\">\n\t\t\t\t\t\t\t\t\t<div class=\"elementor-button-wrapper\">\n\t\t\t\t\t<a class=\"elementor-button elementor-button-link elementor-size-sm\" href=\"http:\/\/cajubrasil.com\/pt-br\/material-de-apoio\/\">\n\t\t\t\t\t\t<span class=\"elementor-button-content-wrapper\">\n\t\t\t\t\t\t<span class=\"elementor-button-icon\">\n\t\t\t\t<i aria-hidden=\"true\" class=\"fas fa-caret-left\"><\/i>\t\t\t<\/span>\n\t\t\t\t\t\t\t\t\t<span class=\"elementor-button-text\">VER MATERIAL DE APOIO DE OUTRAS COLE\u00c7\u00d5ES<\/span>\n\t\t\t\t\t<\/span>\n\t\t\t\t\t<\/a>\n\t\t\t\t<\/div>\n\t\t\t\t\t\t\t\t<\/div>\n\t\t\t\t<\/div>\n\t\t\t\t\t<\/div>\n\t\t<\/div>\n\t\t\t\t\t<\/div>\n\t\t<\/section>\n\t\t\t\t<section class=\"elementor-section elementor-top-section elementor-element elementor-element-d6173e3 elementor-section-boxed elementor-section-height-default elementor-section-height-default\" data-id=\"d6173e3\" data-element_type=\"section\" data-e-type=\"section\">\n\t\t\t\t\t\t<div class=\"elementor-container elementor-column-gap-default\">\n\t\t\t\t\t<div class=\"elementor-column elementor-col-25 elementor-top-column elementor-element elementor-element-9fd81b7\" data-id=\"9fd81b7\" data-element_type=\"column\" data-e-type=\"column\">\n\t\t\t<div class=\"elementor-widget-wrap elementor-element-populated\">\n\t\t\t\t\t\t<div class=\"elementor-element elementor-element-1a79b0e elementor-widget elementor-widget-image\" data-id=\"1a79b0e\" data-element_type=\"widget\" data-e-type=\"widget\" data-widget_type=\"image.default\">\n\t\t\t\t<div class=\"elementor-widget-container\">\n\t\t\t\t\t\t\t\t\t\t\t\t\t\t\t\t<a href=\"https:\/\/www.dropbox.com\/scl\/fi\/7b6dyk2y1qwmojbymauyn\/Cat-logo-Copa-Drop-II-Prop-sito_web.pdf?rlkey=w076rg5ndwcmvnxgorm1x1ekw&#038;st=rw37ecnv&#038;dl=0\">\n\t\t\t\t\t\t\t<img fetchpriority=\"high\" decoding=\"async\" width=\"500\" height=\"500\" src=\"https:\/\/cajubrasil.com\/pt-br\/wp-content\/uploads\/sites\/5\/2026\/03\/2.png\" class=\"attachment-large size-large wp-image-3873\" alt=\"\" srcset=\"https:\/\/cajubrasil.com\/pt-br\/wp-content\/uploads\/sites\/5\/2026\/03\/2.png 500w, https:\/\/cajubrasil.com\/pt-br\/wp-content\/uploads\/sites\/5\/2026\/03\/2-300x300.png 300w, https:\/\/cajubrasil.com\/pt-br\/wp-content\/uploads\/sites\/5\/2026\/03\/2-150x150.png 150w\" sizes=\"(max-width: 500px) 100vw, 500px\" \/>\t\t\t\t\t\t\t\t<\/a>\n\t\t\t\t\t\t\t\t\t\t\t\t\t\t\t<\/div>\n\t\t\t\t<\/div>\n\t\t\t\t\t<\/div>\n\t\t<\/div>\n\t\t\t\t<div class=\"elementor-column elementor-col-25 elementor-top-column elementor-element elementor-element-51d8cc3\" data-id=\"51d8cc3\" data-element_type=\"column\" data-e-type=\"column\">\n\t\t\t<div class=\"elementor-widget-wrap elementor-element-populated\">\n\t\t\t\t\t\t<div class=\"elementor-element elementor-element-2b1de4d elementor-widget elementor-widget-image\" data-id=\"2b1de4d\" data-element_type=\"widget\" data-e-type=\"widget\" data-widget_type=\"image.default\">\n\t\t\t\t<div class=\"elementor-widget-container\">\n\t\t\t\t\t\t\t\t\t\t\t\t\t\t\t\t<a href=\"https:\/\/www.dropbox.com\/scl\/fo\/spix1945seea02g72t1pv\/APfqI90-CO4d8uwIrxT_co4?rlkey=pvukad5dnex2chml0x8b78v55&#038;st=0ikm90wk&#038;dl=0\">\n\t\t\t\t\t\t\t<img decoding=\"async\" width=\"500\" height=\"500\" src=\"https:\/\/cajubrasil.com\/pt-br\/wp-content\/uploads\/sites\/5\/2026\/03\/1.png\" class=\"attachment-large size-large wp-image-3872\" alt=\"\" srcset=\"https:\/\/cajubrasil.com\/pt-br\/wp-content\/uploads\/sites\/5\/2026\/03\/1.png 500w, https:\/\/cajubrasil.com\/pt-br\/wp-content\/uploads\/sites\/5\/2026\/03\/1-300x300.png 300w, https:\/\/cajubrasil.com\/pt-br\/wp-content\/uploads\/sites\/5\/2026\/03\/1-150x150.png 150w\" sizes=\"(max-width: 500px) 100vw, 500px\" \/>\t\t\t\t\t\t\t\t<\/a>\n\t\t\t\t\t\t\t\t\t\t\t\t\t\t\t<\/div>\n\t\t\t\t<\/div>\n\t\t\t\t\t<\/div>\n\t\t<\/div>\n\t\t\t\t<div class=\"elementor-column elementor-col-25 elementor-top-column elementor-element elementor-element-c6f25c4\" data-id=\"c6f25c4\" data-element_type=\"column\" data-e-type=\"column\">\n\t\t\t<div class=\"elementor-widget-wrap elementor-element-populated\">\n\t\t\t\t\t\t<div class=\"elementor-element elementor-element-687cafa elementor-widget elementor-widget-image\" data-id=\"687cafa\" data-element_type=\"widget\" data-e-type=\"widget\" data-widget_type=\"image.default\">\n\t\t\t\t<div class=\"elementor-widget-container\">\n\t\t\t\t\t\t\t\t\t\t\t\t\t\t\t\t<a href=\"https:\/\/www.dropbox.com\/scl\/fi\/dhum209h7feu4jrlfplon\/VIDEO-CONCEITO-MADE-IN-CAJUBRASIL.mp4?rlkey=hykvrej61yd0fni4x6zloh8gd&#038;st=m5xteywt&#038;dl=0\">\n\t\t\t\t\t\t\t<img decoding=\"async\" width=\"500\" height=\"500\" src=\"https:\/\/cajubrasil.com\/pt-br\/wp-content\/uploads\/sites\/5\/2026\/03\/VIDEO-CONCEITO.jpg\" class=\"attachment-large size-large wp-image-3855\" alt=\"\" srcset=\"https:\/\/cajubrasil.com\/pt-br\/wp-content\/uploads\/sites\/5\/2026\/03\/VIDEO-CONCEITO.jpg 500w, https:\/\/cajubrasil.com\/pt-br\/wp-content\/uploads\/sites\/5\/2026\/03\/VIDEO-CONCEITO-300x300.jpg 300w, https:\/\/cajubrasil.com\/pt-br\/wp-content\/uploads\/sites\/5\/2026\/03\/VIDEO-CONCEITO-150x150.jpg 150w\" sizes=\"(max-width: 500px) 100vw, 500px\" \/>\t\t\t\t\t\t\t\t<\/a>\n\t\t\t\t\t\t\t\t\t\t\t\t\t\t\t<\/div>\n\t\t\t\t<\/div>\n\t\t\t\t\t<\/div>\n\t\t<\/div>\n\t\t\t\t<div class=\"elementor-column elementor-col-25 elementor-top-column elementor-element elementor-element-b79564f\" data-id=\"b79564f\" data-element_type=\"column\" data-e-type=\"column\">\n\t\t\t<div class=\"elementor-widget-wrap elementor-element-populated\">\n\t\t\t\t\t\t<div class=\"elementor-element elementor-element-54a89a2 elementor-widget elementor-widget-image\" data-id=\"54a89a2\" data-element_type=\"widget\" data-e-type=\"widget\" data-widget_type=\"image.default\">\n\t\t\t\t<div class=\"elementor-widget-container\">\n\t\t\t\t\t\t\t\t\t\t\t\t\t\t\t\t<a href=\"https:\/\/www.dropbox.com\/scl\/fo\/rqlp4fnkbj6p57hkab596\/ALG0CQJuVMFoAX0eWb0AI_4?rlkey=3v24bq1sh5gkjxxccb56a23tt&#038;st=5szjdpyv&#038;dl=0\">\n\t\t\t\t\t\t\t<img loading=\"lazy\" decoding=\"async\" width=\"500\" height=\"500\" src=\"https:\/\/cajubrasil.com\/pt-br\/wp-content\/uploads\/sites\/5\/2026\/03\/3.png\" class=\"attachment-large size-large wp-image-3874\" alt=\"\" srcset=\"https:\/\/cajubrasil.com\/pt-br\/wp-content\/uploads\/sites\/5\/2026\/03\/3.png 500w, https:\/\/cajubrasil.com\/pt-br\/wp-content\/uploads\/sites\/5\/2026\/03\/3-300x300.png 300w, https:\/\/cajubrasil.com\/pt-br\/wp-content\/uploads\/sites\/5\/2026\/03\/3-150x150.png 150w\" sizes=\"(max-width: 500px) 100vw, 500px\" \/>\t\t\t\t\t\t\t\t<\/a>\n\t\t\t\t\t\t\t\t\t\t\t\t\t\t\t<\/div>\n\t\t\t\t<\/div>\n\t\t\t\t\t<\/div>\n\t\t<\/div>\n\t\t\t\t\t<\/div>\n\t\t<\/section>\n\t\t\t\t<section class=\"elementor-section elementor-top-section elementor-element elementor-element-32be148 elementor-section-boxed elementor-section-height-default elementor-section-height-default\" data-id=\"32be148\" data-element_type=\"section\" data-e-type=\"section\">\n\t\t\t\t\t\t<div class=\"elementor-container elementor-column-gap-default\">\n\t\t\t\t\t<div class=\"elementor-column elementor-col-25 elementor-top-column elementor-element elementor-element-da24985\" data-id=\"da24985\" data-element_type=\"column\" data-e-type=\"column\">\n\t\t\t<div class=\"elementor-widget-wrap elementor-element-populated\">\n\t\t\t\t\t\t<div class=\"elementor-element elementor-element-37cbe21 elementor-widget elementor-widget-image\" data-id=\"37cbe21\" data-element_type=\"widget\" data-e-type=\"widget\" data-widget_type=\"image.default\">\n\t\t\t\t<div class=\"elementor-widget-container\">\n\t\t\t\t\t\t\t\t\t\t\t\t\t\t\t\t<a href=\"https:\/\/www.dropbox.com\/scl\/fi\/7b6dyk2y1qwmojbymauyn\/Cat-logo-Copa-Drop-II-Prop-sito_web.pdf?rlkey=w076rg5ndwcmvnxgorm1x1ekw&#038;st=xdj92gry&#038;dl=0\">\n\t\t\t\t\t\t\t<img loading=\"lazy\" decoding=\"async\" width=\"500\" height=\"500\" src=\"https:\/\/cajubrasil.com\/pt-br\/wp-content\/uploads\/sites\/5\/2026\/03\/5-1.png\" class=\"attachment-large size-large wp-image-3876\" alt=\"\" srcset=\"https:\/\/cajubrasil.com\/pt-br\/wp-content\/uploads\/sites\/5\/2026\/03\/5-1.png 500w, https:\/\/cajubrasil.com\/pt-br\/wp-content\/uploads\/sites\/5\/2026\/03\/5-1-300x300.png 300w, https:\/\/cajubrasil.com\/pt-br\/wp-content\/uploads\/sites\/5\/2026\/03\/5-1-150x150.png 150w\" sizes=\"(max-width: 500px) 100vw, 500px\" \/>\t\t\t\t\t\t\t\t<\/a>\n\t\t\t\t\t\t\t\t\t\t\t\t\t\t\t<\/div>\n\t\t\t\t<\/div>\n\t\t\t\t\t<\/div>\n\t\t<\/div>\n\t\t\t\t<div class=\"elementor-column elementor-col-25 elementor-top-column elementor-element elementor-element-2c65fd8\" data-id=\"2c65fd8\" data-element_type=\"column\" data-e-type=\"column\">\n\t\t\t<div class=\"elementor-widget-wrap elementor-element-populated\">\n\t\t\t\t\t\t\t<\/div>\n\t\t<\/div>\n\t\t\t\t<div class=\"elementor-column elementor-col-25 elementor-top-column elementor-element elementor-element-4a48f17\" data-id=\"4a48f17\" data-element_type=\"column\" data-e-type=\"column\">\n\t\t\t<div class=\"elementor-widget-wrap elementor-element-populated\">\n\t\t\t\t\t\t\t<\/div>\n\t\t<\/div>\n\t\t\t\t<div class=\"elementor-column elementor-col-25 elementor-top-column elementor-element elementor-element-60bf360\" data-id=\"60bf360\" data-element_type=\"column\" data-e-type=\"column\">\n\t\t\t<div class=\"elementor-widget-wrap elementor-element-populated\">\n\t\t\t\t\t\t\t<\/div>\n\t\t<\/div>\n\t\t\t\t\t<\/div>\n\t\t<\/section>\n\t\t\t\t<section class=\"elementor-section elementor-top-section elementor-element elementor-element-cdb80d8 elementor-section-boxed elementor-section-height-default elementor-section-height-default\" data-id=\"cdb80d8\" data-element_type=\"section\" data-e-type=\"section\">\n\t\t\t\t\t\t<div class=\"elementor-container elementor-column-gap-default\">\n\t\t\t\t\t<div class=\"elementor-column elementor-col-100 elementor-top-column elementor-element elementor-element-7e91f61\" data-id=\"7e91f61\" data-element_type=\"column\" data-e-type=\"column\">\n\t\t\t<div class=\"elementor-widget-wrap\">\n\t\t\t\t\t\t\t<\/div>\n\t\t<\/div>\n\t\t\t\t\t<\/div>\n\t\t<\/section>\n\t\t\t\t<section class=\"elementor-section elementor-top-section elementor-element elementor-element-4b8494d elementor-section-boxed elementor-section-height-default elementor-section-height-default\" data-id=\"4b8494d\" data-element_type=\"section\" data-e-type=\"section\">\n\t\t\t\t\t\t<div class=\"elementor-container elementor-column-gap-default\">\n\t\t\t\t\t<div class=\"elementor-column elementor-col-100 elementor-top-column elementor-element elementor-element-049bb08\" data-id=\"049bb08\" data-element_type=\"column\" data-e-type=\"column\">\n\t\t\t<div class=\"elementor-widget-wrap elementor-element-populated\">\n\t\t\t\t\t\t<div class=\"elementor-element elementor-element-a3fdf75 elementor-widget elementor-widget-heading\" data-id=\"a3fdf75\" data-element_type=\"widget\" data-e-type=\"widget\" data-widget_type=\"heading.default\">\n\t\t\t\t<div class=\"elementor-widget-container\">\n\t\t\t\t\t<h2 class=\"elementor-heading-title elementor-size-default\">Cole\u00e7\u00e3o Prop\u00f3sito<\/h2>\t\t\t\t<\/div>\n\t\t\t\t<\/div>\n\t\t\t\t\t<\/div>\n\t\t<\/div>\n\t\t\t\t\t<\/div>\n\t\t<\/section>\n\t\t\t\t<section class=\"elementor-section elementor-top-section elementor-element elementor-element-82471a6 elementor-section-boxed elementor-section-height-default elementor-section-height-default\" data-id=\"82471a6\" data-element_type=\"section\" data-e-type=\"section\">\n\t\t\t\t\t\t<div class=\"elementor-container elementor-column-gap-default\">\n\t\t\t\t\t<div class=\"elementor-column elementor-col-100 elementor-top-column elementor-element elementor-element-6961113\" data-id=\"6961113\" data-element_type=\"column\" data-e-type=\"column\">\n\t\t\t<div class=\"elementor-widget-wrap elementor-element-populated\">\n\t\t\t\t\t\t<div class=\"elementor-element elementor-element-23baf36 elementor-widget__width-initial elementor-widget elementor-widget-text-editor\" data-id=\"23baf36\" data-element_type=\"widget\" data-e-type=\"widget\" data-widget_type=\"text-editor.default\">\n\t\t\t\t<div class=\"elementor-widget-container\">\n\t\t\t\t\t\t\t\t\t<p data-pm-slice=\"0 0 []\" style=\"text-align: center;\">A cole\u00e7\u00e3o Prop\u00f3sito nasce do desejo de resgatar o que realmente importa: as conex\u00f5es que nos unem, o significado por tr\u00e1s de cada escolha e a beleza de viver com inten\u00e7\u00e3o. Em um tempo em que o essencial ganha valor, esta proposta convida \u00e0 cria\u00e7\u00e3o com consci\u00eancia, \u00e0 escuta interior e ao cuidado com o coletivo.<\/p><p style=\"text-align: center;\"><strong>Prop\u00f3sito \u00e9 sobre vestir inten\u00e7\u00f5es. \u00c9 sobre sentir-se inteiro. \u00c9 sobre transformar moda em elo, entre pessoas, tempos e verdades.<\/strong><\/p>\t\t\t\t\t\t\t\t<\/div>\n\t\t\t\t<\/div>\n\t\t\t\t\t<\/div>\n\t\t<\/div>\n\t\t\t\t\t<\/div>\n\t\t<\/section>\n\t\t\t\t<section class=\"elementor-section elementor-top-section elementor-element elementor-element-bb17e15 elementor-section-boxed elementor-section-height-default elementor-section-height-default\" data-id=\"bb17e15\" data-element_type=\"section\" data-e-type=\"section\">\n\t\t\t\t\t\t<div class=\"elementor-container elementor-column-gap-default\">\n\t\t\t\t\t<div class=\"elementor-column elementor-col-100 elementor-top-column elementor-element elementor-element-fb0bb1c\" data-id=\"fb0bb1c\" data-element_type=\"column\" data-e-type=\"column\">\n\t\t\t<div class=\"elementor-widget-wrap elementor-element-populated\">\n\t\t\t\t\t\t<div class=\"elementor-element elementor-element-a3eb50d elementor-align-center elementor-widget elementor-widget-button\" data-id=\"a3eb50d\" data-element_type=\"widget\" data-e-type=\"widget\" data-widget_type=\"button.default\">\n\t\t\t\t<div class=\"elementor-widget-container\">\n\t\t\t\t\t\t\t\t\t<div class=\"elementor-button-wrapper\">\n\t\t\t\t\t<a class=\"elementor-button elementor-button-link elementor-size-sm elementor-animation-bounce-in\" href=\"https:\/\/b2b.cajubrasil.com.br\/b2b\/galeria\">\n\t\t\t\t\t\t<span class=\"elementor-button-content-wrapper\">\n\t\t\t\t\t\t\t\t\t<span class=\"elementor-button-text\">ACESSE O B2B E GARANTA AGORA MESMO!<\/span>\n\t\t\t\t\t<\/span>\n\t\t\t\t\t<\/a>\n\t\t\t\t<\/div>\n\t\t\t\t\t\t\t\t<\/div>\n\t\t\t\t<\/div>\n\t\t\t\t\t<\/div>\n\t\t<\/div>\n\t\t\t\t\t<\/div>\n\t\t<\/section>\n\t\t\t\t<\/div>\n\t\t","protected":false},"excerpt":{"rendered":"<p>VER MATERIAL DE APOIO DE OUTRAS COLE\u00c7\u00d5ES Cole\u00e7\u00e3o Prop\u00f3sito A cole\u00e7\u00e3o Prop\u00f3sito nasce do desejo de resgatar o que realmente importa: as conex\u00f5es que nos unem, o significado por tr\u00e1s de cada escolha e a beleza de viver com inten\u00e7\u00e3o. Em um tempo em que o essencial ganha valor, esta proposta convida \u00e0 cria\u00e7\u00e3o com [&hellip;]<\/p>\n","protected":false},"author":1,"featured_media":0,"parent":0,"menu_order":0,"comment_status":"closed","ping_status":"closed","template":"","meta":{"footnotes":""},"class_list":["post-3868","page","type-page","status-publish","hentry"],"yoast_head":"<!-- This site is optimized with the Yoast SEO plugin v25.8 - https:\/\/yoast.com\/wordpress\/plugins\/seo\/ -->\n<title>Cole\u00e7\u00e3o Prop\u00f3sito Drop 2 - Cajubrasil | BR<\/title>\n<meta name=\"robots\" content=\"noindex, nofollow\" \/>\n<meta property=\"og:locale\" content=\"pt_BR\" \/>\n<meta property=\"og:type\" content=\"article\" \/>\n<meta property=\"og:title\" content=\"Cole\u00e7\u00e3o Prop\u00f3sito Drop 2 - Cajubrasil | BR\" \/>\n<meta property=\"og:description\" content=\"VER MATERIAL DE APOIO DE OUTRAS COLE\u00c7\u00d5ES Cole\u00e7\u00e3o Prop\u00f3sito A cole\u00e7\u00e3o Prop\u00f3sito nasce do desejo de resgatar o que realmente importa: as conex\u00f5es que nos unem, o significado por tr\u00e1s de cada escolha e a beleza de viver com inten\u00e7\u00e3o. Em um tempo em que o essencial ganha valor, esta proposta convida \u00e0 cria\u00e7\u00e3o com [&hellip;]\" \/>\n<meta property=\"og:url\" content=\"https:\/\/cajubrasil.com\/pt-br\/colecao-proposito-drop-2\/\" \/>\n<meta property=\"og:site_name\" content=\"Cajubrasil | BR\" \/>\n<meta property=\"article:modified_time\" content=\"2026-03-16T12:20:36+00:00\" \/>\n<meta property=\"og:image\" content=\"http:\/\/cajubrasil.com\/pt-br\/wp-content\/uploads\/sites\/5\/2026\/03\/2.png\" \/>\n<meta name=\"twitter:card\" content=\"summary_large_image\" \/>\n<meta name=\"twitter:label1\" content=\"Est. tempo de leitura\" \/>\n\t<meta name=\"twitter:data1\" content=\"2 minutos\" \/>\n<script type=\"application\/ld+json\" class=\"yoast-schema-graph\">{\"@context\":\"https:\/\/schema.org\",\"@graph\":[{\"@type\":\"WebPage\",\"@id\":\"https:\/\/cajubrasil.com\/pt-br\/colecao-proposito-drop-2\/\",\"url\":\"https:\/\/cajubrasil.com\/pt-br\/colecao-proposito-drop-2\/\",\"name\":\"Cole\u00e7\u00e3o Prop\u00f3sito Drop 2 - Cajubrasil | BR\",\"isPartOf\":{\"@id\":\"https:\/\/cajubrasil.com\/pt-br\/#website\"},\"primaryImageOfPage\":{\"@id\":\"https:\/\/cajubrasil.com\/pt-br\/colecao-proposito-drop-2\/#primaryimage\"},\"image\":{\"@id\":\"https:\/\/cajubrasil.com\/pt-br\/colecao-proposito-drop-2\/#primaryimage\"},\"thumbnailUrl\":\"http:\/\/cajubrasil.com\/pt-br\/wp-content\/uploads\/sites\/5\/2026\/03\/2.png\",\"datePublished\":\"2026-03-10T18:06:15+00:00\",\"dateModified\":\"2026-03-16T12:20:36+00:00\",\"breadcrumb\":{\"@id\":\"https:\/\/cajubrasil.com\/pt-br\/colecao-proposito-drop-2\/#breadcrumb\"},\"inLanguage\":\"pt-BR\",\"potentialAction\":[{\"@type\":\"ReadAction\",\"target\":[\"https:\/\/cajubrasil.com\/pt-br\/colecao-proposito-drop-2\/\"]}]},{\"@type\":\"ImageObject\",\"inLanguage\":\"pt-BR\",\"@id\":\"https:\/\/cajubrasil.com\/pt-br\/colecao-proposito-drop-2\/#primaryimage\",\"url\":\"https:\/\/cajubrasil.com\/pt-br\/wp-content\/uploads\/sites\/5\/2026\/03\/2.png\",\"contentUrl\":\"https:\/\/cajubrasil.com\/pt-br\/wp-content\/uploads\/sites\/5\/2026\/03\/2.png\",\"width\":500,\"height\":500},{\"@type\":\"BreadcrumbList\",\"@id\":\"https:\/\/cajubrasil.com\/pt-br\/colecao-proposito-drop-2\/#breadcrumb\",\"itemListElement\":[{\"@type\":\"ListItem\",\"position\":1,\"name\":\"Home\",\"item\":\"https:\/\/cajubrasil.com\/pt-br\/\"},{\"@type\":\"ListItem\",\"position\":2,\"name\":\"Cole\u00e7\u00e3o Prop\u00f3sito Drop 2\"}]},{\"@type\":\"WebSite\",\"@id\":\"https:\/\/cajubrasil.com\/pt-br\/#website\",\"url\":\"https:\/\/cajubrasil.com\/pt-br\/\",\"name\":\"Cajubrasil | BR\",\"description\":\"Moda Fashion Fitness\",\"publisher\":{\"@id\":\"https:\/\/cajubrasil.com\/pt-br\/#organization\"},\"potentialAction\":[{\"@type\":\"SearchAction\",\"target\":{\"@type\":\"EntryPoint\",\"urlTemplate\":\"https:\/\/cajubrasil.com\/pt-br\/?s={search_term_string}\"},\"query-input\":{\"@type\":\"PropertyValueSpecification\",\"valueRequired\":true,\"valueName\":\"search_term_string\"}}],\"inLanguage\":\"pt-BR\"},{\"@type\":\"Organization\",\"@id\":\"https:\/\/cajubrasil.com\/pt-br\/#organization\",\"name\":\"Cajubrasil | BR\",\"url\":\"https:\/\/cajubrasil.com\/pt-br\/\",\"logo\":{\"@type\":\"ImageObject\",\"inLanguage\":\"pt-BR\",\"@id\":\"https:\/\/cajubrasil.com\/pt-br\/#\/schema\/logo\/image\/\",\"url\":\"https:\/\/cajubrasil.com\/pt-br\/wp-content\/uploads\/sites\/5\/2023\/02\/cropped-logo-wordpress-4.png\",\"contentUrl\":\"https:\/\/cajubrasil.com\/pt-br\/wp-content\/uploads\/sites\/5\/2023\/02\/cropped-logo-wordpress-4.png\",\"width\":1023,\"height\":372,\"caption\":\"Cajubrasil | BR\"},\"image\":{\"@id\":\"https:\/\/cajubrasil.com\/pt-br\/#\/schema\/logo\/image\/\"}}]}<\/script>\n<!-- \/ Yoast SEO plugin. -->","yoast_head_json":{"title":"Cole\u00e7\u00e3o Prop\u00f3sito Drop 2 - Cajubrasil | BR","robots":{"index":"noindex","follow":"nofollow"},"og_locale":"pt_BR","og_type":"article","og_title":"Cole\u00e7\u00e3o Prop\u00f3sito Drop 2 - Cajubrasil | BR","og_description":"VER MATERIAL DE APOIO DE OUTRAS COLE\u00c7\u00d5ES Cole\u00e7\u00e3o Prop\u00f3sito A cole\u00e7\u00e3o Prop\u00f3sito nasce do desejo de resgatar o que realmente importa: as conex\u00f5es que nos unem, o significado por tr\u00e1s de cada escolha e a beleza de viver com inten\u00e7\u00e3o. Em um tempo em que o essencial ganha valor, esta proposta convida \u00e0 cria\u00e7\u00e3o com [&hellip;]","og_url":"https:\/\/cajubrasil.com\/pt-br\/colecao-proposito-drop-2\/","og_site_name":"Cajubrasil | BR","article_modified_time":"2026-03-16T12:20:36+00:00","og_image":[{"url":"http:\/\/cajubrasil.com\/pt-br\/wp-content\/uploads\/sites\/5\/2026\/03\/2.png","type":"","width":"","height":""}],"twitter_card":"summary_large_image","twitter_misc":{"Est. tempo de leitura":"2 minutos"},"schema":{"@context":"https:\/\/schema.org","@graph":[{"@type":"WebPage","@id":"https:\/\/cajubrasil.com\/pt-br\/colecao-proposito-drop-2\/","url":"https:\/\/cajubrasil.com\/pt-br\/colecao-proposito-drop-2\/","name":"Cole\u00e7\u00e3o Prop\u00f3sito Drop 2 - Cajubrasil | BR","isPartOf":{"@id":"https:\/\/cajubrasil.com\/pt-br\/#website"},"primaryImageOfPage":{"@id":"https:\/\/cajubrasil.com\/pt-br\/colecao-proposito-drop-2\/#primaryimage"},"image":{"@id":"https:\/\/cajubrasil.com\/pt-br\/colecao-proposito-drop-2\/#primaryimage"},"thumbnailUrl":"http:\/\/cajubrasil.com\/pt-br\/wp-content\/uploads\/sites\/5\/2026\/03\/2.png","datePublished":"2026-03-10T18:06:15+00:00","dateModified":"2026-03-16T12:20:36+00:00","breadcrumb":{"@id":"https:\/\/cajubrasil.com\/pt-br\/colecao-proposito-drop-2\/#breadcrumb"},"inLanguage":"pt-BR","potentialAction":[{"@type":"ReadAction","target":["https:\/\/cajubrasil.com\/pt-br\/colecao-proposito-drop-2\/"]}]},{"@type":"ImageObject","inLanguage":"pt-BR","@id":"https:\/\/cajubrasil.com\/pt-br\/colecao-proposito-drop-2\/#primaryimage","url":"https:\/\/cajubrasil.com\/pt-br\/wp-content\/uploads\/sites\/5\/2026\/03\/2.png","contentUrl":"https:\/\/cajubrasil.com\/pt-br\/wp-content\/uploads\/sites\/5\/2026\/03\/2.png","width":500,"height":500},{"@type":"BreadcrumbList","@id":"https:\/\/cajubrasil.com\/pt-br\/colecao-proposito-drop-2\/#breadcrumb","itemListElement":[{"@type":"ListItem","position":1,"name":"Home","item":"https:\/\/cajubrasil.com\/pt-br\/"},{"@type":"ListItem","position":2,"name":"Cole\u00e7\u00e3o Prop\u00f3sito Drop 2"}]},{"@type":"WebSite","@id":"https:\/\/cajubrasil.com\/pt-br\/#website","url":"https:\/\/cajubrasil.com\/pt-br\/","name":"Cajubrasil | BR","description":"Moda Fashion Fitness","publisher":{"@id":"https:\/\/cajubrasil.com\/pt-br\/#organization"},"potentialAction":[{"@type":"SearchAction","target":{"@type":"EntryPoint","urlTemplate":"https:\/\/cajubrasil.com\/pt-br\/?s={search_term_string}"},"query-input":{"@type":"PropertyValueSpecification","valueRequired":true,"valueName":"search_term_string"}}],"inLanguage":"pt-BR"},{"@type":"Organization","@id":"https:\/\/cajubrasil.com\/pt-br\/#organization","name":"Cajubrasil | BR","url":"https:\/\/cajubrasil.com\/pt-br\/","logo":{"@type":"ImageObject","inLanguage":"pt-BR","@id":"https:\/\/cajubrasil.com\/pt-br\/#\/schema\/logo\/image\/","url":"https:\/\/cajubrasil.com\/pt-br\/wp-content\/uploads\/sites\/5\/2023\/02\/cropped-logo-wordpress-4.png","contentUrl":"https:\/\/cajubrasil.com\/pt-br\/wp-content\/uploads\/sites\/5\/2023\/02\/cropped-logo-wordpress-4.png","width":1023,"height":372,"caption":"Cajubrasil | BR"},"image":{"@id":"https:\/\/cajubrasil.com\/pt-br\/#\/schema\/logo\/image\/"}}]}},"_links":{"self":[{"href":"https:\/\/cajubrasil.com\/pt-br\/wp-json\/wp\/v2\/pages\/3868","targetHints":{"allow":["GET"]}}],"collection":[{"href":"https:\/\/cajubrasil.com\/pt-br\/wp-json\/wp\/v2\/pages"}],"about":[{"href":"https:\/\/cajubrasil.com\/pt-br\/wp-json\/wp\/v2\/types\/page"}],"author":[{"embeddable":true,"href":"https:\/\/cajubrasil.com\/pt-br\/wp-json\/wp\/v2\/users\/1"}],"replies":[{"embeddable":true,"href":"https:\/\/cajubrasil.com\/pt-br\/wp-json\/wp\/v2\/comments?post=3868"}],"version-history":[{"count":10,"href":"https:\/\/cajubrasil.com\/pt-br\/wp-json\/wp\/v2\/pages\/3868\/revisions"}],"predecessor-version":[{"id":3886,"href":"https:\/\/cajubrasil.com\/pt-br\/wp-json\/wp\/v2\/pages\/3868\/revisions\/3886"}],"wp:attachment":[{"href":"https:\/\/cajubrasil.com\/pt-br\/wp-json\/wp\/v2\/media?parent=3868"}],"curies":[{"name":"wp","href":"https:\/\/api.w.org\/{rel}","templated":true}]}}