{"id":43,"date":"2017-07-12T16:05:16","date_gmt":"2017-07-12T19:05:16","guid":{"rendered":"http:\/\/localhost\/wordpress\/?page_id=43"},"modified":"2017-07-17T17:15:27","modified_gmt":"2017-07-17T20:15:27","slug":"revenda","status":"publish","type":"page","link":"https:\/\/cajubrasil.com\/pt-br\/revenda\/","title":{"rendered":"Revenda"},"content":{"rendered":"<div class=\"container-fluid container-page\" style=\"padding-top: 20px;padding-bottom: 20px\">\n<div class=\"container\">\n<div class=\"row\">\n<div class=\"col-md-offset-2 col-md-8 container-content-page\">\n<h1 class=\"text-uppercase title-page\">Revenda<\/h1>\n<p>Preencha o formul\u00e1rio abaixo com dados v\u00e1lidos, as informa\u00e7\u00f5es s\u00e3o importantes para nossa avalia\u00e7\u00e3o. Ap\u00f3s o envio de seus dados passaremos por um processo de an\u00e1lise e entraremos em contato assim que poss\u00edvel.<\/p>\n<div class=\"row\">\n<div class=\"col-md-8\">\n<form role=\"form\" class=\"form-default\" method=\"POST\" action=\"\" enctype=\"multipart\/form-data\">\n<h4>Dados para Contato<\/h4>\n<div class=\"form-group\">\n                                        <label class=\"control-label\" for=\"exampleInputEmail1\">Nome do Respons\u00e1vel<br \/>\n<\/label><br \/>\n                                        <input type=\"text\" class=\"form-control\" id=\"exampleInputEmail1\" placeholder=\"Nome do Respons\u00e1vel\" name=\"cNome\" required=\"required\">\n                                    <\/div>\n<div class=\"form-group\">\n                                        <label class=\"control-label\" for=\"exampleInputEmail1\">E-mail para Contato<\/label><br \/>\n                                        <input type=\"email\" class=\"form-control\" id=\"exampleInputEmail1\" placeholder=\"E-mail\" name=\"cEmail\" required=\"required\">\n                                    <\/div>\n<div class=\"form-group\">\n                                        <label class=\"control-label\" for=\"exampleInputEmail1\">DDD + Telefone para Contato<\/label><br \/>\n                                        <input type=\"text\" class=\"form-control\" id=\"exampleInputEmail1\" placeholder=\"DDD + Telefone para Contato\" name=\"cTelefone\" required=\"required\">\n                                    <\/div>\n<div class=\"form-group\">\n                                        <label class=\"control-label\" for=\"exampleInputEmail1\">DDD + Celular para Contato<\/label><br \/>\n                                        <input type=\"text\" class=\"form-control\" id=\"exampleInputEmail1\" placeholder=\"DDD + Celular para Contato\" name=\"cCelular\" required=\"required\">\n                                    <\/div>\n<h4>Endere\u00e7o do Estabelecimento<\/h4>\n<div class=\"form-group\">\n                                        <label class=\"control-label\" for=\"exampleInputEmail1\">Estado<\/label><br \/>\n                                        <input type=\"text\" class=\"form-control\" id=\"exampleInputEmail1\" placeholder=\"Estado\" name=\"cEstado\" required=\"required\">\n                                    <\/div>\n<div class=\"form-group\">\n                                        <label class=\"control-label\" for=\"exampleInputEmail1\">Cidade<\/label><br \/>\n                                        <input type=\"text\" class=\"form-control\" id=\"exampleInputEmail1\" placeholder=\"Cidade\" name=\"cCidade\" required=\"required\">\n                                    <\/div>\n<div class=\"form-group\">\n                                        <label class=\"control-label\" for=\"exampleInputEmail1\">Endere\u00e7o<\/label><br \/>\n                                        <input type=\"text\" class=\"form-control\" id=\"exampleInputEmail1\" placeholder=\"Endere\u00e7o\" name=\"cEndereco\" required=\"required\">\n                                    <\/div>\n<div class=\"form-group\">\n                                        <label class=\"control-label\" for=\"exampleInputEmail1\">N\u00famero<br \/>\n<\/label><br \/>\n                                        <input type=\"text\" class=\"form-control\" id=\"exampleInputEmail1\" placeholder=\"N\u00famero\" name=\"cNumero\" required=\"required\">\n                                    <\/div>\n<div class=\"form-group\">\n                                        <label class=\"control-label\" for=\"exampleInputEmail1\">Complemento <small>(opcional)<\/small><br \/>\n                                        <\/label><br \/>\n                                        <input type=\"text\" class=\"form-control\" id=\"exampleInputEmail1\" placeholder=\"Complemento\" name=\"cComplemento\">\n                                    <\/div>\n<h4>Informa\u00e7\u00f5es Sobre o Estabelecimento<\/h4>\n<div class=\"form-group\">\n                                        <label class=\"control-label\" for=\"exampleInputEmail1\">Marcas Comercializadas Atualmente <small>(opcional)<\/small><br \/>\n                                        <\/label><br \/>\n                                        <input type=\"text\" class=\"form-control\" id=\"exampleInputEmail1\" placeholder=\"Marcas Comercializadas Atualmente\" name=\"cMarcas\">\n                                    <\/div>\n<div class=\"form-group\">\n                                        <label class=\"control-label\" for=\"exampleInputEmail1\">CNPJ\/CPF<\/label><br \/>\n                                        <input type=\"text\" class=\"form-control\" id=\"exampleInputEmail1\" placeholder=\"CNPJ\/CPF\" name=\"cDocumento\" required=\"required\">\n                                    <\/div>\n<div class=\"form-group\">\n                                        <label class=\"control-label\" for=\"exampleInputEmail1\">Nome Fantasia<\/label><br \/>\n                                        <input type=\"text\" class=\"form-control\" id=\"exampleInputEmail1\" placeholder=\"Nome Fantasia\" name=\"cNomeFantasia\" required=\"required\">\n                                    <\/div>\n<div class=\"form-group\">\n                                        <label class=\"control-label\" for=\"exampleInputEmail1\">Observa\u00e7\u00e3o <small>(opcional)<\/small><br \/>\n                                        <\/label><br \/>\n                                        <textarea class=\"form-control\" rows=\"5\" placeholder=\"Observa\u00e7\u00e3o\" name=\"cObservacao\"><\/textarea>\n                                    <\/div>\n<div class=\"form-group\">\n                                        <label class=\"control-label\" for=\"exampleInputEmail1\">Foto Externa do Estabelecimento <small>(opcional)<\/small><br \/>\n                                        <\/label><br \/>\n                                        <input type=\"file\" class=\"form-control\" id=\"exampleInputEmail1\" name=\"cFotoExterna\">\n                                    <\/div>\n<div class=\"form-group\">\n                                        <label class=\"control-label\" for=\"exampleInputEmail1\">Foto Interna do Estabelecimento <small>(opcional)<\/small><br \/>\n                                        <\/label><br \/>\n                                        <input type=\"file\" class=\"form-control\" id=\"exampleInputEmail1\" name=\"cFotoInterna\">\n                                    <\/div>\n<p>                                    <button type=\"submit\" class=\"btn btn-action\" name=\"cEnviarDados\">Enviar meus dados<\/button><br \/>\n                                <\/form>\n<\/p><\/div>\n<div class=\"col-md-4\">\n<h3>Informa\u00e7\u00f5es<\/h3>\n<ul class=\"list-unstyled\">\n<li>Av. Jos\u00e9 Mar\u00e3o Filho, 5682<\/li>\n<li>Votuporanga &#8211; SP<\/li>\n<li>Brasil<\/li>\n<li>\n                                        <span class=\"glyphicon glyphicon-phone-alt\"><\/span> +55 (17) 3426-8770\n                                    <\/li>\n<ul class=\"list-inline social-footer\">\n<li class=\"list-social-footer\">\n                                            <a href=\"https:\/\/www.instagram.com\/cajubrasil\/\" target=\"_blank\"><br \/>\n                                                <img decoding=\"async\" src=\"[php_everywhere instance='1']images\/ico-instagram2.png\" width=\"28\" \/><br \/>\n                                            <\/a>\n                                        <\/li>\n<li class=\"list-social-footer\">\n                                            <a href=\"https:\/\/www.youtube.com\/cajubrasil\" target=\"_blank\"><br \/>\n                                                <img decoding=\"async\" src=\"[php_everywhere instance='1']images\/ico-youtube2.png\" width=\"28\" \/><br \/>\n                                            <\/a>\n                                        <\/li>\n<li class=\"list-social-footer\">\n                                            <a href=\"https:\/\/www.facebook.com\/cajubrasiloficial\" target=\"_blank\"><br \/>\n                                                <img decoding=\"async\" src=\"[php_everywhere instance='1']images\/ico-facebook2.png\" width=\"28\" \/><br \/>\n                                            <\/a>\n                                        <\/li>\n<\/ul>\n<\/ul><\/div>\n<\/p><\/div>\n<\/p><\/div>\n<\/p><\/div>\n<\/p><\/div>\n<\/p><\/div>\n","protected":false},"excerpt":{"rendered":"<p>Revenda Preencha o formul\u00e1rio abaixo com dados v\u00e1lidos, as informa\u00e7\u00f5es s\u00e3o importantes para nossa avalia\u00e7\u00e3o. Ap\u00f3s o envio de seus dados passaremos por um processo de an\u00e1lise e entraremos em contato assim que poss\u00edvel. Dados para Contato Nome do Respons\u00e1vel E-mail para Contato DDD + Telefone para Contato DDD + Celular para Contato Endere\u00e7o do [&hellip;]<\/p>\n","protected":false},"author":1,"featured_media":0,"parent":0,"menu_order":0,"comment_status":"closed","ping_status":"closed","template":"page-model.php","meta":{"footnotes":""},"class_list":["post-43","page","type-page","status-publish","hentry"],"yoast_head":"<!-- This site is optimized with the Yoast SEO plugin v25.8 - https:\/\/yoast.com\/wordpress\/plugins\/seo\/ -->\n<title>Revenda - Cajubrasil | BR<\/title>\n<meta name=\"robots\" content=\"index, follow, max-snippet:-1, max-image-preview:large, max-video-preview:-1\" \/>\n<link rel=\"canonical\" href=\"https:\/\/cajubrasil.com\/pt-br\/revenda\/\" \/>\n<meta property=\"og:locale\" content=\"pt_BR\" \/>\n<meta property=\"og:type\" content=\"article\" \/>\n<meta property=\"og:title\" content=\"Revenda - Cajubrasil | BR\" \/>\n<meta property=\"og:description\" content=\"Revenda Preencha o formul\u00e1rio abaixo com dados v\u00e1lidos, as informa\u00e7\u00f5es s\u00e3o importantes para nossa avalia\u00e7\u00e3o. Ap\u00f3s o envio de seus dados passaremos por um processo de an\u00e1lise e entraremos em contato assim que poss\u00edvel. Dados para Contato Nome do Respons\u00e1vel E-mail para Contato DDD + Telefone para Contato DDD + Celular para Contato Endere\u00e7o do [&hellip;]\" \/>\n<meta property=\"og:url\" content=\"https:\/\/cajubrasil.com\/pt-br\/revenda\/\" \/>\n<meta property=\"og:site_name\" content=\"Cajubrasil | BR\" \/>\n<meta property=\"article:modified_time\" content=\"2017-07-17T20:15:27+00:00\" \/>\n<meta name=\"twitter:card\" content=\"summary_large_image\" \/>\n<meta name=\"twitter:label1\" content=\"Est. tempo de leitura\" \/>\n\t<meta name=\"twitter:data1\" content=\"1 minuto\" \/>\n<script type=\"application\/ld+json\" class=\"yoast-schema-graph\">{\"@context\":\"https:\/\/schema.org\",\"@graph\":[{\"@type\":\"WebPage\",\"@id\":\"https:\/\/cajubrasil.com\/pt-br\/revenda\/\",\"url\":\"https:\/\/cajubrasil.com\/pt-br\/revenda\/\",\"name\":\"Revenda - Cajubrasil | BR\",\"isPartOf\":{\"@id\":\"http:\/\/cajubrasil.com\/pt-br\/#website\"},\"datePublished\":\"2017-07-12T19:05:16+00:00\",\"dateModified\":\"2017-07-17T20:15:27+00:00\",\"breadcrumb\":{\"@id\":\"https:\/\/cajubrasil.com\/pt-br\/revenda\/#breadcrumb\"},\"inLanguage\":\"pt-BR\",\"potentialAction\":[{\"@type\":\"ReadAction\",\"target\":[\"https:\/\/cajubrasil.com\/pt-br\/revenda\/\"]}]},{\"@type\":\"BreadcrumbList\",\"@id\":\"https:\/\/cajubrasil.com\/pt-br\/revenda\/#breadcrumb\",\"itemListElement\":[{\"@type\":\"ListItem\",\"position\":1,\"name\":\"Home\",\"item\":\"http:\/\/cajubrasil.com\/pt-br\/\"},{\"@type\":\"ListItem\",\"position\":2,\"name\":\"Revenda\"}]},{\"@type\":\"WebSite\",\"@id\":\"http:\/\/cajubrasil.com\/pt-br\/#website\",\"url\":\"http:\/\/cajubrasil.com\/pt-br\/\",\"name\":\"Cajubrasil | BR\",\"description\":\"Moda Fashion Fitness\",\"publisher\":{\"@id\":\"http:\/\/cajubrasil.com\/pt-br\/#organization\"},\"potentialAction\":[{\"@type\":\"SearchAction\",\"target\":{\"@type\":\"EntryPoint\",\"urlTemplate\":\"http:\/\/cajubrasil.com\/pt-br\/?s={search_term_string}\"},\"query-input\":{\"@type\":\"PropertyValueSpecification\",\"valueRequired\":true,\"valueName\":\"search_term_string\"}}],\"inLanguage\":\"pt-BR\"},{\"@type\":\"Organization\",\"@id\":\"http:\/\/cajubrasil.com\/pt-br\/#organization\",\"name\":\"Cajubrasil | BR\",\"url\":\"http:\/\/cajubrasil.com\/pt-br\/\",\"logo\":{\"@type\":\"ImageObject\",\"inLanguage\":\"pt-BR\",\"@id\":\"http:\/\/cajubrasil.com\/pt-br\/#\/schema\/logo\/image\/\",\"url\":\"https:\/\/cajubrasil.com\/pt-br\/wp-content\/uploads\/sites\/5\/2023\/02\/cropped-logo-wordpress-4.png\",\"contentUrl\":\"https:\/\/cajubrasil.com\/pt-br\/wp-content\/uploads\/sites\/5\/2023\/02\/cropped-logo-wordpress-4.png\",\"width\":1023,\"height\":372,\"caption\":\"Cajubrasil | BR\"},\"image\":{\"@id\":\"http:\/\/cajubrasil.com\/pt-br\/#\/schema\/logo\/image\/\"}}]}<\/script>\n<!-- \/ Yoast SEO plugin. -->","yoast_head_json":{"title":"Revenda - Cajubrasil | BR","robots":{"index":"index","follow":"follow","max-snippet":"max-snippet:-1","max-image-preview":"max-image-preview:large","max-video-preview":"max-video-preview:-1"},"canonical":"https:\/\/cajubrasil.com\/pt-br\/revenda\/","og_locale":"pt_BR","og_type":"article","og_title":"Revenda - Cajubrasil | BR","og_description":"Revenda Preencha o formul\u00e1rio abaixo com dados v\u00e1lidos, as informa\u00e7\u00f5es s\u00e3o importantes para nossa avalia\u00e7\u00e3o. Ap\u00f3s o envio de seus dados passaremos por um processo de an\u00e1lise e entraremos em contato assim que poss\u00edvel. Dados para Contato Nome do Respons\u00e1vel E-mail para Contato DDD + Telefone para Contato DDD + Celular para Contato Endere\u00e7o do [&hellip;]","og_url":"https:\/\/cajubrasil.com\/pt-br\/revenda\/","og_site_name":"Cajubrasil | BR","article_modified_time":"2017-07-17T20:15:27+00:00","twitter_card":"summary_large_image","twitter_misc":{"Est. tempo de leitura":"1 minuto"},"schema":{"@context":"https:\/\/schema.org","@graph":[{"@type":"WebPage","@id":"https:\/\/cajubrasil.com\/pt-br\/revenda\/","url":"https:\/\/cajubrasil.com\/pt-br\/revenda\/","name":"Revenda - Cajubrasil | BR","isPartOf":{"@id":"http:\/\/cajubrasil.com\/pt-br\/#website"},"datePublished":"2017-07-12T19:05:16+00:00","dateModified":"2017-07-17T20:15:27+00:00","breadcrumb":{"@id":"https:\/\/cajubrasil.com\/pt-br\/revenda\/#breadcrumb"},"inLanguage":"pt-BR","potentialAction":[{"@type":"ReadAction","target":["https:\/\/cajubrasil.com\/pt-br\/revenda\/"]}]},{"@type":"BreadcrumbList","@id":"https:\/\/cajubrasil.com\/pt-br\/revenda\/#breadcrumb","itemListElement":[{"@type":"ListItem","position":1,"name":"Home","item":"http:\/\/cajubrasil.com\/pt-br\/"},{"@type":"ListItem","position":2,"name":"Revenda"}]},{"@type":"WebSite","@id":"http:\/\/cajubrasil.com\/pt-br\/#website","url":"http:\/\/cajubrasil.com\/pt-br\/","name":"Cajubrasil | BR","description":"Moda Fashion Fitness","publisher":{"@id":"http:\/\/cajubrasil.com\/pt-br\/#organization"},"potentialAction":[{"@type":"SearchAction","target":{"@type":"EntryPoint","urlTemplate":"http:\/\/cajubrasil.com\/pt-br\/?s={search_term_string}"},"query-input":{"@type":"PropertyValueSpecification","valueRequired":true,"valueName":"search_term_string"}}],"inLanguage":"pt-BR"},{"@type":"Organization","@id":"http:\/\/cajubrasil.com\/pt-br\/#organization","name":"Cajubrasil | BR","url":"http:\/\/cajubrasil.com\/pt-br\/","logo":{"@type":"ImageObject","inLanguage":"pt-BR","@id":"http:\/\/cajubrasil.com\/pt-br\/#\/schema\/logo\/image\/","url":"https:\/\/cajubrasil.com\/pt-br\/wp-content\/uploads\/sites\/5\/2023\/02\/cropped-logo-wordpress-4.png","contentUrl":"https:\/\/cajubrasil.com\/pt-br\/wp-content\/uploads\/sites\/5\/2023\/02\/cropped-logo-wordpress-4.png","width":1023,"height":372,"caption":"Cajubrasil | BR"},"image":{"@id":"http:\/\/cajubrasil.com\/pt-br\/#\/schema\/logo\/image\/"}}]}},"_links":{"self":[{"href":"https:\/\/cajubrasil.com\/pt-br\/wp-json\/wp\/v2\/pages\/43","targetHints":{"allow":["GET"]}}],"collection":[{"href":"https:\/\/cajubrasil.com\/pt-br\/wp-json\/wp\/v2\/pages"}],"about":[{"href":"https:\/\/cajubrasil.com\/pt-br\/wp-json\/wp\/v2\/types\/page"}],"author":[{"embeddable":true,"href":"https:\/\/cajubrasil.com\/pt-br\/wp-json\/wp\/v2\/users\/1"}],"replies":[{"embeddable":true,"href":"https:\/\/cajubrasil.com\/pt-br\/wp-json\/wp\/v2\/comments?post=43"}],"version-history":[{"count":9,"href":"https:\/\/cajubrasil.com\/pt-br\/wp-json\/wp\/v2\/pages\/43\/revisions"}],"predecessor-version":[{"id":73,"href":"https:\/\/cajubrasil.com\/pt-br\/wp-json\/wp\/v2\/pages\/43\/revisions\/73"}],"wp:attachment":[{"href":"https:\/\/cajubrasil.com\/pt-br\/wp-json\/wp\/v2\/media?parent=43"}],"curies":[{"name":"wp","href":"https:\/\/api.w.org\/{rel}","templated":true}]}}